{"id":33,"date":"2014-05-08T22:40:43","date_gmt":"2014-05-08T22:40:43","guid":{"rendered":"http:\/\/cardinal.swiftideas.com\/corporate-demo\/?page_id=33"},"modified":"2017-02-26T12:48:08","modified_gmt":"2017-02-26T12:48:08","slug":"la-chiropraxie","status":"publish","type":"page","link":"https:\/\/soinschiropratiques.com\/site\/https-soinschiropratiques-com-chiropracteur-toulouse\/la-chiropraxie\/","title":{"rendered":"La Chiropraxie &#8211; Cabinet Chiropraxie Toulouse &#8211; Laurence Alnet"},"content":{"rendered":"[spb_row element_name=\u00a0\u00bbRow\u00a0\u00bb wrap_type=\u00a0\u00bbstandard-width\u00a0\u00bb row_bg_type=\u00a0\u00bbcolor\u00a0\u00bb color_row_height=\u00a0\u00bbcontent-height\u00a0\u00bb bg_type=\u00a0\u00bbcover\u00a0\u00bb parallax_image_height=\u00a0\u00bbcontent-height\u00a0\u00bb parallax_image_movement=\u00a0\u00bbfixed\u00a0\u00bb parallax_image_speed=\u00a0\u00bbstandard\u00a0\u00bb bg_video_loop=\u00a0\u00bbyes\u00a0\u00bb parallax_video_height=\u00a0\u00bbwindow-height\u00a0\u00bb row_id=\u00a0\u00bbmission\u00a0\u00bb row_name=\u00a0\u00bbmission\u00a0\u00bb row_top_style=\u00a0\u00bbnone\u00a0\u00bb row_bottom_style=\u00a0\u00bbnone\u00a0\u00bb parallax_video_overlay=\u00a0\u00bbnone\u00a0\u00bb row_overlay_opacity=\u00a0\u00bb0&Prime; remove_element_spacing=\u00a0\u00bbno\u00a0\u00bb row_col_spacing=\u00a0\u00bb0&Prime; row_col_pos=\u00a0\u00bbdefault\u00a0\u00bb row_col_equal_heights=\u00a0\u00bbno\u00a0\u00bb row_expanding=\u00a0\u00bbno\u00a0\u00bb row_animation=\u00a0\u00bbnone\u00a0\u00bb row_animation_delay=\u00a0\u00bb0&Prime; minimize_row=\u00a0\u00bbno\u00a0\u00bb simplified_controls=\u00a0\u00bbyes\u00a0\u00bb custom_css_percentage=\u00a0\u00bbno\u00a0\u00bb custom_css=\u00a0\u00bbmargin-top: 0px;margin-bottom: 0px;padding-left: 20px;padding-right: 20px;\u00a0\u00bb border_styling_global=\u00a0\u00bbdefault\u00a0\u00bb width=\u00a0\u00bb1\/1&Prime; el_position=\u00a0\u00bbfirst last\u00a0\u00bb] [spb_blank_spacer height=\u00a0\u00bb30px\u00a0\u00bb width=\u00a0\u00bb1\/1&Prime; el_position=\u00a0\u00bbfirst last\u00a0\u00bb] [spb_text_block animation=\u00a0\u00bbnone\u00a0\u00bb animation_delay=\u00a0\u00bb0&Prime; simplified_controls=\u00a0\u00bbno\u00a0\u00bb custom_css_percentage=\u00a0\u00bbno\u00a0\u00bb padding_vertical=\u00a0\u00bb0&Prime; padding_horizontal=\u00a0\u00bb0&Prime; margin_vertical=\u00a0\u00bb0&Prime; custom_css=\u00a0\u00bbmargin-top: 0px;margin-bottom: 0px;\u00a0\u00bb border_size=\u00a0\u00bb0&Prime; border_styling_global=\u00a0\u00bbdefault\u00a0\u00bb width=\u00a0\u00bb1\/1&Prime; el_position=\u00a0\u00bbfirst last\u00a0\u00bb]\n<h2 style=\"font-weight: 300; color: #464646; text-align: center;\"><span style=\"font-weight: 300; color: #000000;\"><strong>La chiropraxie<\/strong><\/span><\/h2>\n<h4 style=\"text-align: center;\">Travailler sur la source du probl\u00e8me<\/h4>\n[\/spb_text_block] [spb_text_block animation=\u00a0\u00bbnone\u00a0\u00bb animation_delay=\u00a0\u00bb0&Prime; simplified_controls=\u00a0\u00bbno\u00a0\u00bb custom_css_percentage=\u00a0\u00bbno\u00a0\u00bb padding_vertical=\u00a0\u00bb0&Prime; padding_horizontal=\u00a0\u00bb0&Prime; margin_vertical=\u00a0\u00bb0&Prime; custom_css=\u00a0\u00bbmargin-top: 0px;margin-bottom: 0px;border-left: 30px ;border-right: 30px ;\u00a0\u00bb border_size=\u00a0\u00bb0&Prime; border_styling_global=\u00a0\u00bbdefault\u00a0\u00bb width=\u00a0\u00bb1\/1&Prime; el_position=\u00a0\u00bbfirst last\u00a0\u00bb]\n<ul>\n<li>Fond\u00e9e aux USA en 1895 par David Daniel Palmer, aujourd\u2019hui plus de 100 000 praticiens exercent dans le monde, ce qui fait de la profession de chiropracteur la 3\u00b0 profession de sant\u00e9 de premier contact dans le monde apr\u00e8s la m\u00e9decine et la dentisterie.<\/li>\n<\/ul>\n<ul>\n<li>Le chiropracteur suit un enseignement de plus de 5500 heures de cours pratiques et th\u00e9oriques r\u00e9partis sur 6 ann\u00e9es acad\u00e9miques. La formation est reconnue par l\u2019organisation mondiale de la sant\u00e9 (OMS) et est standardis\u00e9e au niveau international.<\/li>\n<\/ul>\n<ul>\n<li>En France la profession est reconnue depuis mars 2002 (article 75 de la loi n\u00b0 2002-303 du 4 mars 2002). Les d\u00e9crets d&rsquo;application ont \u00e9t\u00e9s publi\u00e9s au journal officiel le 07 janvier 2011 (<span class=\"rose\"><a href=\"http:\/\/www.legifrance.gouv.fr\/affichTexte.do?cidTexte=JORFTEXT000023387301\">D\u00e9cret n\u00b0 2011-32<\/a><\/span>)<\/li>\n<\/ul>\n<ul>\n<li>Le travail du chiropracteur est de d\u00e9tecter sur le dos du patient les <strong>subluxations<\/strong> et de les corriger par l\u2019ajustement.<\/li>\n<\/ul>\n<ul>\n<li><span class=\"bleu\">La chiropraxie, une profession qui se consacre \u00e0 la restauration et au maintien de la sant\u00e9<\/span>. C&rsquo;est une approche naturelle bas\u00e9e sur la relation entre l&rsquo;appareil locomoteur (dos, articulations et muscles) et le syst\u00e8me nerveux et les incidences que cela peut avoir sur l&rsquo;\u00e9tat de sant\u00e9 en g\u00e9n\u00e9ral lorsque ceux-ci ne fonctionnent pas correctement.<\/li>\n<\/ul>\n[\/spb_text_block] [\/spb_row] [spb_row element_name=\u00a0\u00bbRow\u00a0\u00bb wrap_type=\u00a0\u00bbcontent-width\u00a0\u00bb row_bg_type=\u00a0\u00bbcolor\u00a0\u00bb bg_type=\u00a0\u00bbcover\u00a0\u00bb parallax_image_height=\u00a0\u00bbcontent-height\u00a0\u00bb parallax_image_movement=\u00a0\u00bbfixed\u00a0\u00bb parallax_image_speed=\u00a0\u00bb0.5&Prime; bg_video_loop=\u00a0\u00bbyes\u00a0\u00bb parallax_video_height=\u00a0\u00bbwindow-height\u00a0\u00bb row_id=\u00a0\u00bbteam\u00a0\u00bb row_name=\u00a0\u00bbteam\u00a0\u00bb parallax_video_overlay=\u00a0\u00bbnone\u00a0\u00bb row_overlay_opacity=\u00a0\u00bb0&Prime; remove_element_spacing=\u00a0\u00bbno\u00a0\u00bb row_col_pos=\u00a0\u00bbdefault\u00a0\u00bb width=\u00a0\u00bb1\/1&Prime; el_position=\u00a0\u00bbfirst last\u00a0\u00bb] [\/spb_row]\n","protected":false},"excerpt":{"rendered":"<p>[spb_row element_name=\u00a0\u00bbRow\u00a0\u00bb wrap_type=\u00a0\u00bbstandard-width\u00a0\u00bb row_bg_type=\u00a0\u00bbcolor\u00a0\u00bb color_row_height=\u00a0\u00bbcontent-height\u00a0\u00bb bg_type=\u00a0\u00bbcover\u00a0\u00bb parallax_image_height=\u00a0\u00bbcontent-height\u00a0\u00bb parallax_image_movement=\u00a0\u00bbfixed\u00a0\u00bb parallax_image_speed=\u00a0\u00bbstandard\u00a0\u00bb bg_video_loop=\u00a0\u00bbyes\u00a0\u00bb parallax_video_height=\u00a0\u00bbwindow-height\u00a0\u00bb row_id=\u00a0\u00bbmission\u00a0\u00bb row_name=\u00a0\u00bbmission\u00a0\u00bb row_top_style=\u00a0\u00bbnone\u00a0\u00bb row_bottom_style=\u00a0\u00bbnone\u00a0\u00bb parallax_video_overlay=\u00a0\u00bbnone\u00a0\u00bb row_overlay_opacity=\u00a0\u00bb0&Prime; remove_element_spacing=\u00a0\u00bbno\u00a0\u00bb row_col_spacing=\u00a0\u00bb0&Prime; row_col_pos=\u00a0\u00bbdefault\u00a0\u00bb row_col_equal_heights=\u00a0\u00bbno\u00a0\u00bb row_expanding=\u00a0\u00bbno\u00a0\u00bb row_animation=\u00a0\u00bbnone\u00a0\u00bb row_animation_delay=\u00a0\u00bb0&Prime; minimize_row=\u00a0\u00bbno\u00a0\u00bb simplified_controls=\u00a0\u00bbyes\u00a0\u00bb custom_css_percentage=\u00a0\u00bbno\u00a0\u00bb custom_css=\u00a0\u00bbmargin-top: 0px;margin-bottom: 0px;padding-left: 20px;padding-right: 20px;\u00a0\u00bb border_styling_global=\u00a0\u00bbdefault\u00a0\u00bb width=\u00a0\u00bb1\/1&Prime; el_position=\u00a0\u00bbfirst last\u00a0\u00bb] [spb_blank_spacer height=\u00a0\u00bb30px\u00a0\u00bb width=\u00a0\u00bb1\/1&Prime; el_position=\u00a0\u00bbfirst last\u00a0\u00bb] [spb_text_block animation=\u00a0\u00bbnone\u00a0\u00bb animation_delay=\u00a0\u00bb0&Prime; simplified_controls=\u00a0\u00bbno\u00a0\u00bb custom_css_percentage=\u00a0\u00bbno\u00a0\u00bb padding_vertical=\u00a0\u00bb0&Prime; padding_horizontal=\u00a0\u00bb0&Prime; margin_vertical=\u00a0\u00bb0&Prime; custom_css=\u00a0\u00bbmargin-top: 0px;margin-bottom: 0px;\u00a0\u00bb border_size=\u00a0\u00bb0&Prime; border_styling_global=\u00a0\u00bbdefault\u00a0\u00bb width=\u00a0\u00bb1\/1&Prime; el_position=\u00a0\u00bbfirst last\u00a0\u00bb] La chiropraxie Travailler [&hellip;]<\/p>\n","protected":false},"author":1,"featured_media":0,"parent":11272,"menu_order":0,"comment_status":"open","ping_status":"open","template":"","meta":{"_exactmetrics_skip_tracking":false,"_exactmetrics_sitenote_active":false,"_exactmetrics_sitenote_note":"","_exactmetrics_sitenote_category":0,"footnotes":""},"class_list":["post-33","page","type-page","status-publish","hentry"],"yoast_head":"<!-- This site is optimized with the Yoast SEO Premium plugin v26.7 (Yoast SEO v26.7) - https:\/\/yoast.com\/wordpress\/plugins\/seo\/ -->\n<title>La Chiropraxie - Cabinet Chiropraxie Toulouse - Laurence Alnet - Soins Chiropratiques - Laurence Alnet D.C. Chiropracteur Toulouse<\/title>\n<meta name=\"robots\" content=\"index, follow, max-snippet:-1, max-image-preview:large, max-video-preview:-1\" \/>\n<link rel=\"canonical\" href=\"https:\/\/soinschiropratiques.com\/site\/home\/la-chiropraxie\/\" \/>\n<meta property=\"og:locale\" content=\"fr_FR\" \/>\n<meta property=\"og:type\" content=\"article\" \/>\n<meta property=\"og:title\" content=\"La Chiropraxie - Cabinet Chiropraxie Toulouse - Laurence Alnet\" \/>\n<meta property=\"og:description\" content=\"[spb_row element_name=\u00a0\u00bbRow\u00a0\u00bb wrap_type=\u00a0\u00bbstandard-width\u00a0\u00bb row_bg_type=\u00a0\u00bbcolor\u00a0\u00bb color_row_height=\u00a0\u00bbcontent-height\u00a0\u00bb bg_type=\u00a0\u00bbcover\u00a0\u00bb parallax_image_height=\u00a0\u00bbcontent-height\u00a0\u00bb parallax_image_movement=\u00a0\u00bbfixed\u00a0\u00bb parallax_image_speed=\u00a0\u00bbstandard\u00a0\u00bb bg_video_loop=\u00a0\u00bbyes\u00a0\u00bb parallax_video_height=\u00a0\u00bbwindow-height\u00a0\u00bb row_id=\u00a0\u00bbmission\u00a0\u00bb row_name=\u00a0\u00bbmission\u00a0\u00bb row_top_style=\u00a0\u00bbnone\u00a0\u00bb row_bottom_style=\u00a0\u00bbnone\u00a0\u00bb parallax_video_overlay=\u00a0\u00bbnone\u00a0\u00bb row_overlay_opacity=\u00a0\u00bb0&Prime; remove_element_spacing=\u00a0\u00bbno\u00a0\u00bb row_col_spacing=\u00a0\u00bb0&Prime; row_col_pos=\u00a0\u00bbdefault\u00a0\u00bb row_col_equal_heights=\u00a0\u00bbno\u00a0\u00bb row_expanding=\u00a0\u00bbno\u00a0\u00bb row_animation=\u00a0\u00bbnone\u00a0\u00bb row_animation_delay=\u00a0\u00bb0&Prime; minimize_row=\u00a0\u00bbno\u00a0\u00bb simplified_controls=\u00a0\u00bbyes\u00a0\u00bb custom_css_percentage=\u00a0\u00bbno\u00a0\u00bb custom_css=\u00a0\u00bbmargin-top: 0px;margin-bottom: 0px;padding-left: 20px;padding-right: 20px;\u00a0\u00bb border_styling_global=\u00a0\u00bbdefault\u00a0\u00bb width=\u00a0\u00bb1\/1&Prime; el_position=\u00a0\u00bbfirst last\u00a0\u00bb] [spb_blank_spacer height=\u00a0\u00bb30px\u00a0\u00bb width=\u00a0\u00bb1\/1&Prime; el_position=\u00a0\u00bbfirst last\u00a0\u00bb] [spb_text_block animation=\u00a0\u00bbnone\u00a0\u00bb animation_delay=\u00a0\u00bb0&Prime; simplified_controls=\u00a0\u00bbno\u00a0\u00bb custom_css_percentage=\u00a0\u00bbno\u00a0\u00bb padding_vertical=\u00a0\u00bb0&Prime; padding_horizontal=\u00a0\u00bb0&Prime; margin_vertical=\u00a0\u00bb0&Prime; custom_css=\u00a0\u00bbmargin-top: 0px;margin-bottom: 0px;\u00a0\u00bb border_size=\u00a0\u00bb0&Prime; border_styling_global=\u00a0\u00bbdefault\u00a0\u00bb width=\u00a0\u00bb1\/1&Prime; el_position=\u00a0\u00bbfirst last\u00a0\u00bb] La chiropraxie Travailler [&hellip;]\" \/>\n<meta property=\"og:url\" content=\"https:\/\/soinschiropratiques.com\/site\/home\/la-chiropraxie\/\" \/>\n<meta property=\"og:site_name\" content=\"Soins Chiropratiques - Laurence Alnet D.C. Chiropracteur Toulouse\" \/>\n<meta property=\"article:publisher\" content=\"https:\/\/www.facebook.com\/soinschiropratiques#\" \/>\n<meta property=\"article:modified_time\" content=\"2017-02-26T12:48:08+00:00\" \/>\n<meta name=\"twitter:card\" content=\"summary_large_image\" \/>\n<meta name=\"twitter:label1\" content=\"Dur\u00e9e de lecture estim\u00e9e\" \/>\n\t<meta name=\"twitter:data1\" content=\"2 minutes\" \/>\n<script type=\"application\/ld+json\" class=\"yoast-schema-graph\">{\"@context\":\"https:\/\/schema.org\",\"@graph\":[{\"@type\":\"WebPage\",\"@id\":\"https:\/\/soinschiropratiques.com\/site\/home\/la-chiropraxie\/\",\"url\":\"https:\/\/soinschiropratiques.com\/site\/home\/la-chiropraxie\/\",\"name\":\"La Chiropraxie - Cabinet Chiropraxie Toulouse - Laurence Alnet - Soins Chiropratiques - Laurence Alnet D.C. Chiropracteur Toulouse\",\"isPartOf\":{\"@id\":\"https:\/\/soinschiropratiques.com\/site\/#website\"},\"datePublished\":\"2014-05-08T22:40:43+00:00\",\"dateModified\":\"2017-02-26T12:48:08+00:00\",\"breadcrumb\":{\"@id\":\"https:\/\/soinschiropratiques.com\/site\/home\/la-chiropraxie\/#breadcrumb\"},\"inLanguage\":\"fr-FR\",\"potentialAction\":[{\"@type\":\"ReadAction\",\"target\":[\"https:\/\/soinschiropratiques.com\/site\/home\/la-chiropraxie\/\"]}]},{\"@type\":\"BreadcrumbList\",\"@id\":\"https:\/\/soinschiropratiques.com\/site\/home\/la-chiropraxie\/#breadcrumb\",\"itemListElement\":[{\"@type\":\"ListItem\",\"position\":1,\"name\":\"Home\",\"item\":\"https:\/\/soinschiropratiques.com\/site\/\"},{\"@type\":\"ListItem\",\"position\":2,\"name\":\"Chiropracteur et Cabinet Chiropratique Toulouse Jean Rieux Laurence Alnet D.C.\",\"item\":\"https:\/\/soinschiropratiques.com\/site\/\"},{\"@type\":\"ListItem\",\"position\":3,\"name\":\"La Chiropraxie &#8211; Cabinet Chiropraxie Toulouse &#8211; Laurence Alnet\"}]},{\"@type\":\"WebSite\",\"@id\":\"https:\/\/soinschiropratiques.com\/site\/#website\",\"url\":\"https:\/\/soinschiropratiques.com\/site\/\",\"name\":\"Soins Chiropratiques - Laurence Alnet D.C. Chiropracteur Toulouse\",\"description\":\"Chiropracteur Toulouse Jean Rieux\",\"publisher\":{\"@id\":\"https:\/\/soinschiropratiques.com\/site\/#organization\"},\"potentialAction\":[{\"@type\":\"SearchAction\",\"target\":{\"@type\":\"EntryPoint\",\"urlTemplate\":\"https:\/\/soinschiropratiques.com\/site\/?s={search_term_string}\"},\"query-input\":{\"@type\":\"PropertyValueSpecification\",\"valueRequired\":true,\"valueName\":\"search_term_string\"}}],\"inLanguage\":\"fr-FR\"},{\"@type\":\"Organization\",\"@id\":\"https:\/\/soinschiropratiques.com\/site\/#organization\",\"name\":\"Soins Chiropratiques - Laurence Alnet D.C. Chiropracteur Toulouse\",\"url\":\"https:\/\/soinschiropratiques.com\/site\/\",\"logo\":{\"@type\":\"ImageObject\",\"inLanguage\":\"fr-FR\",\"@id\":\"https:\/\/soinschiropratiques.com\/site\/#\/schema\/logo\/image\/\",\"url\":\"https:\/\/soinschiropratiques.com\/site\/wp-content\/uploads\/2014\/05\/cropped-favico-2.jpg\",\"contentUrl\":\"https:\/\/soinschiropratiques.com\/site\/wp-content\/uploads\/2014\/05\/cropped-favico-2.jpg\",\"width\":512,\"height\":512,\"caption\":\"Soins Chiropratiques - Laurence Alnet D.C. Chiropracteur Toulouse\"},\"image\":{\"@id\":\"https:\/\/soinschiropratiques.com\/site\/#\/schema\/logo\/image\/\"},\"sameAs\":[\"https:\/\/www.facebook.com\/soinschiropratiques#\"]}]}<\/script>\n<!-- \/ Yoast SEO Premium plugin. -->","yoast_head_json":{"title":"La Chiropraxie - Cabinet Chiropraxie Toulouse - Laurence Alnet - Soins Chiropratiques - Laurence Alnet D.C. Chiropracteur Toulouse","robots":{"index":"index","follow":"follow","max-snippet":"max-snippet:-1","max-image-preview":"max-image-preview:large","max-video-preview":"max-video-preview:-1"},"canonical":"https:\/\/soinschiropratiques.com\/site\/home\/la-chiropraxie\/","og_locale":"fr_FR","og_type":"article","og_title":"La Chiropraxie - Cabinet Chiropraxie Toulouse - Laurence Alnet","og_description":"[spb_row element_name=\u00a0\u00bbRow\u00a0\u00bb wrap_type=\u00a0\u00bbstandard-width\u00a0\u00bb row_bg_type=\u00a0\u00bbcolor\u00a0\u00bb color_row_height=\u00a0\u00bbcontent-height\u00a0\u00bb bg_type=\u00a0\u00bbcover\u00a0\u00bb parallax_image_height=\u00a0\u00bbcontent-height\u00a0\u00bb parallax_image_movement=\u00a0\u00bbfixed\u00a0\u00bb parallax_image_speed=\u00a0\u00bbstandard\u00a0\u00bb bg_video_loop=\u00a0\u00bbyes\u00a0\u00bb parallax_video_height=\u00a0\u00bbwindow-height\u00a0\u00bb row_id=\u00a0\u00bbmission\u00a0\u00bb row_name=\u00a0\u00bbmission\u00a0\u00bb row_top_style=\u00a0\u00bbnone\u00a0\u00bb row_bottom_style=\u00a0\u00bbnone\u00a0\u00bb parallax_video_overlay=\u00a0\u00bbnone\u00a0\u00bb row_overlay_opacity=\u00a0\u00bb0&Prime; remove_element_spacing=\u00a0\u00bbno\u00a0\u00bb row_col_spacing=\u00a0\u00bb0&Prime; row_col_pos=\u00a0\u00bbdefault\u00a0\u00bb row_col_equal_heights=\u00a0\u00bbno\u00a0\u00bb row_expanding=\u00a0\u00bbno\u00a0\u00bb row_animation=\u00a0\u00bbnone\u00a0\u00bb row_animation_delay=\u00a0\u00bb0&Prime; minimize_row=\u00a0\u00bbno\u00a0\u00bb simplified_controls=\u00a0\u00bbyes\u00a0\u00bb custom_css_percentage=\u00a0\u00bbno\u00a0\u00bb custom_css=\u00a0\u00bbmargin-top: 0px;margin-bottom: 0px;padding-left: 20px;padding-right: 20px;\u00a0\u00bb border_styling_global=\u00a0\u00bbdefault\u00a0\u00bb width=\u00a0\u00bb1\/1&Prime; el_position=\u00a0\u00bbfirst last\u00a0\u00bb] [spb_blank_spacer height=\u00a0\u00bb30px\u00a0\u00bb width=\u00a0\u00bb1\/1&Prime; el_position=\u00a0\u00bbfirst last\u00a0\u00bb] [spb_text_block animation=\u00a0\u00bbnone\u00a0\u00bb animation_delay=\u00a0\u00bb0&Prime; simplified_controls=\u00a0\u00bbno\u00a0\u00bb custom_css_percentage=\u00a0\u00bbno\u00a0\u00bb padding_vertical=\u00a0\u00bb0&Prime; padding_horizontal=\u00a0\u00bb0&Prime; margin_vertical=\u00a0\u00bb0&Prime; custom_css=\u00a0\u00bbmargin-top: 0px;margin-bottom: 0px;\u00a0\u00bb border_size=\u00a0\u00bb0&Prime; border_styling_global=\u00a0\u00bbdefault\u00a0\u00bb width=\u00a0\u00bb1\/1&Prime; el_position=\u00a0\u00bbfirst last\u00a0\u00bb] La chiropraxie Travailler [&hellip;]","og_url":"https:\/\/soinschiropratiques.com\/site\/home\/la-chiropraxie\/","og_site_name":"Soins Chiropratiques - Laurence Alnet D.C. Chiropracteur Toulouse","article_publisher":"https:\/\/www.facebook.com\/soinschiropratiques#","article_modified_time":"2017-02-26T12:48:08+00:00","twitter_card":"summary_large_image","twitter_misc":{"Dur\u00e9e de lecture estim\u00e9e":"2 minutes"},"schema":{"@context":"https:\/\/schema.org","@graph":[{"@type":"WebPage","@id":"https:\/\/soinschiropratiques.com\/site\/home\/la-chiropraxie\/","url":"https:\/\/soinschiropratiques.com\/site\/home\/la-chiropraxie\/","name":"La Chiropraxie - Cabinet Chiropraxie Toulouse - Laurence Alnet - Soins Chiropratiques - Laurence Alnet D.C. Chiropracteur Toulouse","isPartOf":{"@id":"https:\/\/soinschiropratiques.com\/site\/#website"},"datePublished":"2014-05-08T22:40:43+00:00","dateModified":"2017-02-26T12:48:08+00:00","breadcrumb":{"@id":"https:\/\/soinschiropratiques.com\/site\/home\/la-chiropraxie\/#breadcrumb"},"inLanguage":"fr-FR","potentialAction":[{"@type":"ReadAction","target":["https:\/\/soinschiropratiques.com\/site\/home\/la-chiropraxie\/"]}]},{"@type":"BreadcrumbList","@id":"https:\/\/soinschiropratiques.com\/site\/home\/la-chiropraxie\/#breadcrumb","itemListElement":[{"@type":"ListItem","position":1,"name":"Home","item":"https:\/\/soinschiropratiques.com\/site\/"},{"@type":"ListItem","position":2,"name":"Chiropracteur et Cabinet Chiropratique Toulouse Jean Rieux Laurence Alnet D.C.","item":"https:\/\/soinschiropratiques.com\/site\/"},{"@type":"ListItem","position":3,"name":"La Chiropraxie &#8211; Cabinet Chiropraxie Toulouse &#8211; Laurence Alnet"}]},{"@type":"WebSite","@id":"https:\/\/soinschiropratiques.com\/site\/#website","url":"https:\/\/soinschiropratiques.com\/site\/","name":"Soins Chiropratiques - Laurence Alnet D.C. Chiropracteur Toulouse","description":"Chiropracteur Toulouse Jean Rieux","publisher":{"@id":"https:\/\/soinschiropratiques.com\/site\/#organization"},"potentialAction":[{"@type":"SearchAction","target":{"@type":"EntryPoint","urlTemplate":"https:\/\/soinschiropratiques.com\/site\/?s={search_term_string}"},"query-input":{"@type":"PropertyValueSpecification","valueRequired":true,"valueName":"search_term_string"}}],"inLanguage":"fr-FR"},{"@type":"Organization","@id":"https:\/\/soinschiropratiques.com\/site\/#organization","name":"Soins Chiropratiques - Laurence Alnet D.C. Chiropracteur Toulouse","url":"https:\/\/soinschiropratiques.com\/site\/","logo":{"@type":"ImageObject","inLanguage":"fr-FR","@id":"https:\/\/soinschiropratiques.com\/site\/#\/schema\/logo\/image\/","url":"https:\/\/soinschiropratiques.com\/site\/wp-content\/uploads\/2014\/05\/cropped-favico-2.jpg","contentUrl":"https:\/\/soinschiropratiques.com\/site\/wp-content\/uploads\/2014\/05\/cropped-favico-2.jpg","width":512,"height":512,"caption":"Soins Chiropratiques - Laurence Alnet D.C. Chiropracteur Toulouse"},"image":{"@id":"https:\/\/soinschiropratiques.com\/site\/#\/schema\/logo\/image\/"},"sameAs":["https:\/\/www.facebook.com\/soinschiropratiques#"]}]}},"_links":{"self":[{"href":"https:\/\/soinschiropratiques.com\/site\/wp-json\/wp\/v2\/pages\/33","targetHints":{"allow":["GET"]}}],"collection":[{"href":"https:\/\/soinschiropratiques.com\/site\/wp-json\/wp\/v2\/pages"}],"about":[{"href":"https:\/\/soinschiropratiques.com\/site\/wp-json\/wp\/v2\/types\/page"}],"author":[{"embeddable":true,"href":"https:\/\/soinschiropratiques.com\/site\/wp-json\/wp\/v2\/users\/1"}],"replies":[{"embeddable":true,"href":"https:\/\/soinschiropratiques.com\/site\/wp-json\/wp\/v2\/comments?post=33"}],"version-history":[{"count":0,"href":"https:\/\/soinschiropratiques.com\/site\/wp-json\/wp\/v2\/pages\/33\/revisions"}],"up":[{"embeddable":true,"href":"https:\/\/soinschiropratiques.com\/site\/wp-json\/wp\/v2\/pages\/11272"}],"wp:attachment":[{"href":"https:\/\/soinschiropratiques.com\/site\/wp-json\/wp\/v2\/media?parent=33"}],"curies":[{"name":"wp","href":"https:\/\/api.w.org\/{rel}","templated":true}]}}