{"id":11588,"date":"2016-08-05T13:39:07","date_gmt":"2016-08-05T13:39:07","guid":{"rendered":"http:\/\/soinschiropratiques.com\/site\/?page_id=11588"},"modified":"2016-12-09T21:22:55","modified_gmt":"2016-12-09T21:22:55","slug":"kine","status":"publish","type":"page","link":"https:\/\/soinschiropratiques.com\/site\/https-soinschiropratiques-com-chiropracteur-toulouse\/la-chiropraxie\/kine\/","title":{"rendered":"Kin\u00e9siologie Appliqu\u00e9e"},"content":{"rendered":"<p style=\"text-align: center;\"><img loading=\"lazy\" decoding=\"async\" class=\"alignnone  wp-image-12184\" src=\"https:\/\/soinschiropratiques.com\/site\/wp-content\/uploads\/2016\/08\/Kinesiologie-300x277.png\" alt=\"kinesiologie\" width=\"209\" height=\"193\" srcset=\"https:\/\/soinschiropratiques.com\/site\/wp-content\/uploads\/2016\/08\/Kinesiologie-300x277.png 300w, https:\/\/soinschiropratiques.com\/site\/wp-content\/uploads\/2016\/08\/Kinesiologie.png 443w\" sizes=\"auto, (max-width: 209px) 100vw, 209px\" \/><\/p>\n<p style=\"text-align: justify;\">\n<p style=\"text-align: justify;\">La Kin\u00e9siologie Appliqu\u00e9e (A.K.) est un syst\u00e8me qui \u00e9value les aspects structurels, chimiques et \u00e9motionnels de la sant\u00e9 en utilisant le test musculaire ainsi que d\u2019autres m\u00e9thodes standardis\u00e9es de diagnostic.<\/p>\n<p style=\"text-align: justify;\">Le chiropracteur\u00a0qui utilise la Kin\u00e9siologie Appliqu\u00e9e trouve un muscle qui est d\u00e9s\u00e9quilibr\u00e9, puis tente de d\u00e9terminer pourquoi ce muscle ne fonctionne pas correctement. Le chiropracteur\u00a0d\u00e9termine\u00a0ensuite le traitement qui \u00e9quilibrera au mieux les muscles du patient.<\/p>\n<p style=\"text-align: justify;\">Les traitements peuvent inclure des manipulations ou des mobilisations articulaires sp\u00e9cifiques, diverses th\u00e9rapies myofasciales, des techniques cr\u00e2niennes, des approches m\u00e9ridiennes et d\u2019acupuncture, de la nutrition clinique, des conseils alimentaires, des exercices physiques, l\u2019\u00e9valuation d\u2019irritants environnementaux et diverses proc\u00e9dures r\u00e9flexes.<\/p>\n<p style=\"text-align: justify;\">La Kin\u00e9siologie Appliqu\u00e9e trouve ses racines dans les observations faites depuis 1964 par le Dr. Georges J. Goodheart, un chiropraticien, pratiquant alors \u00e0 Detroit, dans le Michigan. Les observations de Goodheart concernant l\u2019\u00e9quilibre, la force et la faiblesse musculaire ont r\u00e9fut\u00e9 la th\u00e9orie d\u2019alors selon laquelle le spasme musculaire \u00e9tait la cause premi\u00e8re des douleurs de dos. Selon Goodheart, la cause premi\u00e8re des douleurs de dos est la faiblesse musculaire. La faiblesse musculaire (telle qu\u2019observ\u00e9e au test musculaire) a rapidement \u00e9t\u00e9 comprise comme une inhibition de neurones moteurs localis\u00e9s dans le pool neuronal de la corne ant\u00e9rieure de la moelle \u00e9pini\u00e8re.<\/p>\n<p style=\"text-align: justify;\">La racine grecque \u00ab\u00a0kin\u00e9\u00a0\u00bb signifie \u00ab\u00a0mouvement\u00a0\u00bb.<\/p>\n<p style=\"text-align: justify;\">Votre chiropracteur du cabinet Toulouse Jean Jaur\u00e8s est certifi\u00e9 en kin\u00e9siologie appliqu\u00e9e.<\/p>\n","protected":false},"excerpt":{"rendered":"<p>La Kin\u00e9siologie Appliqu\u00e9e (A.K.) est un syst\u00e8me qui \u00e9value les aspects structurels, chimiques et \u00e9motionnels de la sant\u00e9 en utilisant le test musculaire ainsi que d\u2019autres m\u00e9thodes standardis\u00e9es de diagnostic. Le chiropracteur\u00a0qui utilise la Kin\u00e9siologie Appliqu\u00e9e trouve un muscle qui est d\u00e9s\u00e9quilibr\u00e9, puis tente de d\u00e9terminer pourquoi ce muscle ne fonctionne pas correctement. Le chiropracteur\u00a0d\u00e9termine\u00a0ensuite le traitement qui \u00e9quilibrera au [&hellip;]<\/p>\n","protected":false},"author":1,"featured_media":0,"parent":33,"menu_order":6,"comment_status":"closed","ping_status":"closed","template":"","meta":{"_exactmetrics_skip_tracking":false,"_exactmetrics_sitenote_active":false,"_exactmetrics_sitenote_note":"","_exactmetrics_sitenote_category":0,"footnotes":""},"class_list":["post-11588","page","type-page","status-publish","hentry"],"yoast_head":"<!-- This site is optimized with the Yoast SEO Premium plugin v26.7 (Yoast SEO v26.7) - https:\/\/yoast.com\/wordpress\/plugins\/seo\/ -->\n<title>Kin\u00e9siologie Appliqu\u00e9e - Soins Chiropratiques - Laurence Alnet D.C. Chiropracteur Toulouse<\/title>\n<meta name=\"robots\" content=\"index, follow, max-snippet:-1, max-image-preview:large, max-video-preview:-1\" \/>\n<link rel=\"canonical\" href=\"https:\/\/soinschiropratiques.com\/site\/home\/la-chiropraxie\/kine\/\" \/>\n<meta property=\"og:locale\" content=\"fr_FR\" \/>\n<meta property=\"og:type\" content=\"article\" \/>\n<meta property=\"og:title\" content=\"Kin\u00e9siologie Appliqu\u00e9e\" \/>\n<meta property=\"og:description\" content=\"La Kin\u00e9siologie Appliqu\u00e9e (A.K.) est un syst\u00e8me qui \u00e9value les aspects structurels, chimiques et \u00e9motionnels de la sant\u00e9 en utilisant le test musculaire ainsi que d\u2019autres m\u00e9thodes standardis\u00e9es de diagnostic. Le chiropracteur\u00a0qui utilise la Kin\u00e9siologie Appliqu\u00e9e trouve un muscle qui est d\u00e9s\u00e9quilibr\u00e9, puis tente de d\u00e9terminer pourquoi ce muscle ne fonctionne pas correctement. Le chiropracteur\u00a0d\u00e9termine\u00a0ensuite le traitement qui \u00e9quilibrera au [&hellip;]\" \/>\n<meta property=\"og:url\" content=\"https:\/\/soinschiropratiques.com\/site\/home\/la-chiropraxie\/kine\/\" \/>\n<meta property=\"og:site_name\" content=\"Soins Chiropratiques - Laurence Alnet D.C. Chiropracteur Toulouse\" \/>\n<meta property=\"article:publisher\" content=\"https:\/\/www.facebook.com\/soinschiropratiques#\" \/>\n<meta property=\"article:modified_time\" content=\"2016-12-09T21:22:55+00:00\" \/>\n<meta property=\"og:image\" content=\"http:\/\/soinschiropratiques.com\/site\/wp-content\/uploads\/2016\/08\/Kinesiologie-300x277.png\" \/>\n<meta name=\"twitter:card\" content=\"summary_large_image\" \/>\n<meta name=\"twitter:label1\" content=\"Dur\u00e9e de lecture estim\u00e9e\" \/>\n\t<meta name=\"twitter:data1\" content=\"1 minute\" \/>\n<script type=\"application\/ld+json\" class=\"yoast-schema-graph\">{\"@context\":\"https:\/\/schema.org\",\"@graph\":[{\"@type\":\"WebPage\",\"@id\":\"https:\/\/soinschiropratiques.com\/site\/home\/la-chiropraxie\/kine\/\",\"url\":\"https:\/\/soinschiropratiques.com\/site\/home\/la-chiropraxie\/kine\/\",\"name\":\"Kin\u00e9siologie Appliqu\u00e9e - Soins Chiropratiques - Laurence Alnet D.C. Chiropracteur Toulouse\",\"isPartOf\":{\"@id\":\"https:\/\/soinschiropratiques.com\/site\/#website\"},\"primaryImageOfPage\":{\"@id\":\"https:\/\/soinschiropratiques.com\/site\/home\/la-chiropraxie\/kine\/#primaryimage\"},\"image\":{\"@id\":\"https:\/\/soinschiropratiques.com\/site\/home\/la-chiropraxie\/kine\/#primaryimage\"},\"thumbnailUrl\":\"http:\/\/soinschiropratiques.com\/site\/wp-content\/uploads\/2016\/08\/Kinesiologie-300x277.png\",\"datePublished\":\"2016-08-05T13:39:07+00:00\",\"dateModified\":\"2016-12-09T21:22:55+00:00\",\"breadcrumb\":{\"@id\":\"https:\/\/soinschiropratiques.com\/site\/home\/la-chiropraxie\/kine\/#breadcrumb\"},\"inLanguage\":\"fr-FR\",\"potentialAction\":[{\"@type\":\"ReadAction\",\"target\":[\"https:\/\/soinschiropratiques.com\/site\/home\/la-chiropraxie\/kine\/\"]}]},{\"@type\":\"ImageObject\",\"inLanguage\":\"fr-FR\",\"@id\":\"https:\/\/soinschiropratiques.com\/site\/home\/la-chiropraxie\/kine\/#primaryimage\",\"url\":\"http:\/\/soinschiropratiques.com\/site\/wp-content\/uploads\/2016\/08\/Kinesiologie-300x277.png\",\"contentUrl\":\"http:\/\/soinschiropratiques.com\/site\/wp-content\/uploads\/2016\/08\/Kinesiologie-300x277.png\"},{\"@type\":\"BreadcrumbList\",\"@id\":\"https:\/\/soinschiropratiques.com\/site\/home\/la-chiropraxie\/kine\/#breadcrumb\",\"itemListElement\":[{\"@type\":\"ListItem\",\"position\":1,\"name\":\"Home\",\"item\":\"https:\/\/soinschiropratiques.com\/site\/\"},{\"@type\":\"ListItem\",\"position\":2,\"name\":\"Chiropracteur et Cabinet Chiropratique Toulouse Jean Rieux Laurence Alnet D.C.\",\"item\":\"https:\/\/soinschiropratiques.com\/site\/\"},{\"@type\":\"ListItem\",\"position\":3,\"name\":\"La Chiropraxie &#8211; Cabinet Chiropraxie Toulouse &#8211; Laurence Alnet\",\"item\":\"https:\/\/soinschiropratiques.com\/site\/home\/la-chiropraxie\/\"},{\"@type\":\"ListItem\",\"position\":4,\"name\":\"Kin\u00e9siologie Appliqu\u00e9e\"}]},{\"@type\":\"WebSite\",\"@id\":\"https:\/\/soinschiropratiques.com\/site\/#website\",\"url\":\"https:\/\/soinschiropratiques.com\/site\/\",\"name\":\"Soins Chiropratiques - Laurence Alnet D.C. Chiropracteur Toulouse\",\"description\":\"Chiropracteur Toulouse Jean Rieux\",\"publisher\":{\"@id\":\"https:\/\/soinschiropratiques.com\/site\/#organization\"},\"potentialAction\":[{\"@type\":\"SearchAction\",\"target\":{\"@type\":\"EntryPoint\",\"urlTemplate\":\"https:\/\/soinschiropratiques.com\/site\/?s={search_term_string}\"},\"query-input\":{\"@type\":\"PropertyValueSpecification\",\"valueRequired\":true,\"valueName\":\"search_term_string\"}}],\"inLanguage\":\"fr-FR\"},{\"@type\":\"Organization\",\"@id\":\"https:\/\/soinschiropratiques.com\/site\/#organization\",\"name\":\"Soins Chiropratiques - Laurence Alnet D.C. Chiropracteur Toulouse\",\"url\":\"https:\/\/soinschiropratiques.com\/site\/\",\"logo\":{\"@type\":\"ImageObject\",\"inLanguage\":\"fr-FR\",\"@id\":\"https:\/\/soinschiropratiques.com\/site\/#\/schema\/logo\/image\/\",\"url\":\"https:\/\/soinschiropratiques.com\/site\/wp-content\/uploads\/2014\/05\/cropped-favico-2.jpg\",\"contentUrl\":\"https:\/\/soinschiropratiques.com\/site\/wp-content\/uploads\/2014\/05\/cropped-favico-2.jpg\",\"width\":512,\"height\":512,\"caption\":\"Soins Chiropratiques - Laurence Alnet D.C. Chiropracteur Toulouse\"},\"image\":{\"@id\":\"https:\/\/soinschiropratiques.com\/site\/#\/schema\/logo\/image\/\"},\"sameAs\":[\"https:\/\/www.facebook.com\/soinschiropratiques#\"]}]}<\/script>\n<!-- \/ Yoast SEO Premium plugin. -->","yoast_head_json":{"title":"Kin\u00e9siologie Appliqu\u00e9e - Soins Chiropratiques - Laurence Alnet D.C. Chiropracteur Toulouse","robots":{"index":"index","follow":"follow","max-snippet":"max-snippet:-1","max-image-preview":"max-image-preview:large","max-video-preview":"max-video-preview:-1"},"canonical":"https:\/\/soinschiropratiques.com\/site\/home\/la-chiropraxie\/kine\/","og_locale":"fr_FR","og_type":"article","og_title":"Kin\u00e9siologie Appliqu\u00e9e","og_description":"La Kin\u00e9siologie Appliqu\u00e9e (A.K.) est un syst\u00e8me qui \u00e9value les aspects structurels, chimiques et \u00e9motionnels de la sant\u00e9 en utilisant le test musculaire ainsi que d\u2019autres m\u00e9thodes standardis\u00e9es de diagnostic. Le chiropracteur\u00a0qui utilise la Kin\u00e9siologie Appliqu\u00e9e trouve un muscle qui est d\u00e9s\u00e9quilibr\u00e9, puis tente de d\u00e9terminer pourquoi ce muscle ne fonctionne pas correctement. Le chiropracteur\u00a0d\u00e9termine\u00a0ensuite le traitement qui \u00e9quilibrera au [&hellip;]","og_url":"https:\/\/soinschiropratiques.com\/site\/home\/la-chiropraxie\/kine\/","og_site_name":"Soins Chiropratiques - Laurence Alnet D.C. Chiropracteur Toulouse","article_publisher":"https:\/\/www.facebook.com\/soinschiropratiques#","article_modified_time":"2016-12-09T21:22:55+00:00","og_image":[{"url":"http:\/\/soinschiropratiques.com\/site\/wp-content\/uploads\/2016\/08\/Kinesiologie-300x277.png","type":"","width":"","height":""}],"twitter_card":"summary_large_image","twitter_misc":{"Dur\u00e9e de lecture estim\u00e9e":"1 minute"},"schema":{"@context":"https:\/\/schema.org","@graph":[{"@type":"WebPage","@id":"https:\/\/soinschiropratiques.com\/site\/home\/la-chiropraxie\/kine\/","url":"https:\/\/soinschiropratiques.com\/site\/home\/la-chiropraxie\/kine\/","name":"Kin\u00e9siologie Appliqu\u00e9e - Soins Chiropratiques - Laurence Alnet D.C. Chiropracteur Toulouse","isPartOf":{"@id":"https:\/\/soinschiropratiques.com\/site\/#website"},"primaryImageOfPage":{"@id":"https:\/\/soinschiropratiques.com\/site\/home\/la-chiropraxie\/kine\/#primaryimage"},"image":{"@id":"https:\/\/soinschiropratiques.com\/site\/home\/la-chiropraxie\/kine\/#primaryimage"},"thumbnailUrl":"http:\/\/soinschiropratiques.com\/site\/wp-content\/uploads\/2016\/08\/Kinesiologie-300x277.png","datePublished":"2016-08-05T13:39:07+00:00","dateModified":"2016-12-09T21:22:55+00:00","breadcrumb":{"@id":"https:\/\/soinschiropratiques.com\/site\/home\/la-chiropraxie\/kine\/#breadcrumb"},"inLanguage":"fr-FR","potentialAction":[{"@type":"ReadAction","target":["https:\/\/soinschiropratiques.com\/site\/home\/la-chiropraxie\/kine\/"]}]},{"@type":"ImageObject","inLanguage":"fr-FR","@id":"https:\/\/soinschiropratiques.com\/site\/home\/la-chiropraxie\/kine\/#primaryimage","url":"http:\/\/soinschiropratiques.com\/site\/wp-content\/uploads\/2016\/08\/Kinesiologie-300x277.png","contentUrl":"http:\/\/soinschiropratiques.com\/site\/wp-content\/uploads\/2016\/08\/Kinesiologie-300x277.png"},{"@type":"BreadcrumbList","@id":"https:\/\/soinschiropratiques.com\/site\/home\/la-chiropraxie\/kine\/#breadcrumb","itemListElement":[{"@type":"ListItem","position":1,"name":"Home","item":"https:\/\/soinschiropratiques.com\/site\/"},{"@type":"ListItem","position":2,"name":"Chiropracteur et Cabinet Chiropratique Toulouse Jean Rieux Laurence Alnet D.C.","item":"https:\/\/soinschiropratiques.com\/site\/"},{"@type":"ListItem","position":3,"name":"La Chiropraxie &#8211; Cabinet Chiropraxie Toulouse &#8211; Laurence Alnet","item":"https:\/\/soinschiropratiques.com\/site\/home\/la-chiropraxie\/"},{"@type":"ListItem","position":4,"name":"Kin\u00e9siologie Appliqu\u00e9e"}]},{"@type":"WebSite","@id":"https:\/\/soinschiropratiques.com\/site\/#website","url":"https:\/\/soinschiropratiques.com\/site\/","name":"Soins Chiropratiques - Laurence Alnet D.C. Chiropracteur Toulouse","description":"Chiropracteur Toulouse Jean Rieux","publisher":{"@id":"https:\/\/soinschiropratiques.com\/site\/#organization"},"potentialAction":[{"@type":"SearchAction","target":{"@type":"EntryPoint","urlTemplate":"https:\/\/soinschiropratiques.com\/site\/?s={search_term_string}"},"query-input":{"@type":"PropertyValueSpecification","valueRequired":true,"valueName":"search_term_string"}}],"inLanguage":"fr-FR"},{"@type":"Organization","@id":"https:\/\/soinschiropratiques.com\/site\/#organization","name":"Soins Chiropratiques - Laurence Alnet D.C. Chiropracteur Toulouse","url":"https:\/\/soinschiropratiques.com\/site\/","logo":{"@type":"ImageObject","inLanguage":"fr-FR","@id":"https:\/\/soinschiropratiques.com\/site\/#\/schema\/logo\/image\/","url":"https:\/\/soinschiropratiques.com\/site\/wp-content\/uploads\/2014\/05\/cropped-favico-2.jpg","contentUrl":"https:\/\/soinschiropratiques.com\/site\/wp-content\/uploads\/2014\/05\/cropped-favico-2.jpg","width":512,"height":512,"caption":"Soins Chiropratiques - Laurence Alnet D.C. Chiropracteur Toulouse"},"image":{"@id":"https:\/\/soinschiropratiques.com\/site\/#\/schema\/logo\/image\/"},"sameAs":["https:\/\/www.facebook.com\/soinschiropratiques#"]}]}},"_links":{"self":[{"href":"https:\/\/soinschiropratiques.com\/site\/wp-json\/wp\/v2\/pages\/11588","targetHints":{"allow":["GET"]}}],"collection":[{"href":"https:\/\/soinschiropratiques.com\/site\/wp-json\/wp\/v2\/pages"}],"about":[{"href":"https:\/\/soinschiropratiques.com\/site\/wp-json\/wp\/v2\/types\/page"}],"author":[{"embeddable":true,"href":"https:\/\/soinschiropratiques.com\/site\/wp-json\/wp\/v2\/users\/1"}],"replies":[{"embeddable":true,"href":"https:\/\/soinschiropratiques.com\/site\/wp-json\/wp\/v2\/comments?post=11588"}],"version-history":[{"count":0,"href":"https:\/\/soinschiropratiques.com\/site\/wp-json\/wp\/v2\/pages\/11588\/revisions"}],"up":[{"embeddable":true,"href":"https:\/\/soinschiropratiques.com\/site\/wp-json\/wp\/v2\/pages\/33"}],"wp:attachment":[{"href":"https:\/\/soinschiropratiques.com\/site\/wp-json\/wp\/v2\/media?parent=11588"}],"curies":[{"name":"wp","href":"https:\/\/api.w.org\/{rel}","templated":true}]}}