{"id":11511,"date":"2016-07-23T21:28:30","date_gmt":"2016-07-23T21:28:30","guid":{"rendered":"http:\/\/soinschiropratiques.com\/site\/?page_id=11511"},"modified":"2016-12-09T21:57:34","modified_gmt":"2016-12-09T21:57:34","slug":"la-chiropraxie-definition-philosophie","status":"publish","type":"page","link":"https:\/\/soinschiropratiques.com\/site\/https-soinschiropratiques-com-chiropracteur-toulouse\/la-chiropraxie\/la-chiropraxie-definition-philosophie\/","title":{"rendered":"La Chiropraxie\u00a0: D\u00e9finition\/ Philosophie"},"content":{"rendered":"<p style=\"text-align: center;\"><img loading=\"lazy\" decoding=\"async\" class=\"alignnone wp-image-12188\" src=\"https:\/\/soinschiropratiques.com\/site\/wp-content\/uploads\/2016\/07\/chiropractic-logo-small-300x286.jpg\" alt=\"chiropractic-logo-small\" width=\"176\" height=\"168\" \/><\/p>\n<h2 style=\"text-align: center;\"><span style=\"color: #c7984e;\"><strong>D\u00e9finition<\/strong><\/span><em><span style=\"color: #c7984e;\"><strong> \u00a0<\/strong><\/span><\/em><\/h2>\n<p style=\"text-align: justify;\"><span style=\"color: #999999;\">Profession de sant\u00e9 manuelle de r\u00e9f\u00e9rence pour les soins du dos et des articulations. <\/span><span style=\"color: #999999;\">La chiropraxie permet la d\u00e9tection, le traitement et la pr\u00e9vention des dysfonctionnements du squelette et de ses cons\u00e9quences, notamment au niveau de la colonne vert\u00e9brale et des membres.\u00a0<\/span><span style=\"color: #999999;\">La chiropraxie est d\u00e9finie selon l\u2019Organisation Mondiale de la Sant\u00e9 (OMS) comme <em>une profession de sant\u00e9 qui s\u2019int\u00e9resse au diagnostic, au traitement et \u00e0 la pr\u00e9vention des d\u00e9sordres du syst\u00e8me neuro-musculo-squelettique, ainsi qu\u2019aux effets de ces d\u00e9sordres sur l\u2019\u00e9tat de sant\u00e9 g\u00e9n\u00e9ral. <\/em><\/span><span style=\"color: #999999;\">L\u2019accent est mis sur les traitements manuels incluant les ajustements articulaires et\/ou techniques de manipulation avec une attention particuli\u00e8re sur la subluxation. <\/span><span style=\"color: #999999;\">Ces dysfonctionnements appel\u00e9s subluxations dans les thermes de la profession, se traduisent notamment par des douleurs ou une limitation du mouvement.\u00a0<\/span><span style=\"color: #999999;\">Elle repose principalement sur les actes de manipulation vert\u00e9brale appel\u00e9s ajustements, mais s\u2019int\u00e9resse \u00e9galement aux muscles et aux articulations p\u00e9riph\u00e9riques. <\/span><span style=\"color: #999999;\">La chiropraxie est donc une r\u00e9ponse naturelle, non-m\u00e9dicamenteuse, pr\u00e9ventive autant que curative.<\/span><\/p>\n<h2 style=\"text-align: center;\"><span style=\"color: #c7984e;\"><strong>Philosophie<\/strong>\u00a0<\/span><\/h2>\n<p><span style=\"color: #999999;\">La chiropraxie se fonde sur une conception globale du fonctionnement de l\u2019organisme et des relations existant entre la colonne vert\u00e9brale, le syst\u00e8me nerveux et certains troubles de la sant\u00e9. Elle prend ainsi en compte les facult\u00e9s de r\u00e9cup\u00e9ration du corps humain. Cette approche holistique partant du courant vitaliste s&rsquo;inspire de la philosophie de la m\u00e9decine traditionnelle chinoise par son approche \u00e9galement pr\u00e9ventive.<\/span><\/p>\n","protected":false},"excerpt":{"rendered":"<p>D\u00e9finition \u00a0 Profession de sant\u00e9 manuelle de r\u00e9f\u00e9rence pour les soins du dos et des articulations. La chiropraxie permet la d\u00e9tection, le traitement et la pr\u00e9vention des dysfonctionnements du squelette et de ses cons\u00e9quences, notamment au niveau de la colonne vert\u00e9brale et des membres.\u00a0La chiropraxie est d\u00e9finie selon l\u2019Organisation Mondiale de la Sant\u00e9 (OMS) comme une profession de sant\u00e9 qui [&hellip;]<\/p>\n","protected":false},"author":1,"featured_media":0,"parent":33,"menu_order":8,"comment_status":"closed","ping_status":"closed","template":"","meta":{"_exactmetrics_skip_tracking":false,"_exactmetrics_sitenote_active":false,"_exactmetrics_sitenote_note":"","_exactmetrics_sitenote_category":0,"footnotes":""},"class_list":["post-11511","page","type-page","status-publish","hentry"],"yoast_head":"<!-- This site is optimized with the Yoast SEO Premium plugin v26.7 (Yoast SEO v26.7) - https:\/\/yoast.com\/wordpress\/plugins\/seo\/ -->\n<title>La Chiropraxie\u00a0: D\u00e9finition\/ Philosophie - Soins Chiropratiques - Laurence Alnet D.C. Chiropracteur Toulouse<\/title>\n<meta name=\"robots\" content=\"index, follow, max-snippet:-1, max-image-preview:large, max-video-preview:-1\" \/>\n<link rel=\"canonical\" href=\"https:\/\/soinschiropratiques.com\/site\/home\/la-chiropraxie\/la-chiropraxie-definition-philosophie\/\" \/>\n<meta property=\"og:locale\" content=\"fr_FR\" \/>\n<meta property=\"og:type\" content=\"article\" \/>\n<meta property=\"og:title\" content=\"La Chiropraxie\u00a0: D\u00e9finition\/ Philosophie\" \/>\n<meta property=\"og:description\" content=\"D\u00e9finition \u00a0 Profession de sant\u00e9 manuelle de r\u00e9f\u00e9rence pour les soins du dos et des articulations. La chiropraxie permet la d\u00e9tection, le traitement et la pr\u00e9vention des dysfonctionnements du squelette et de ses cons\u00e9quences, notamment au niveau de la colonne vert\u00e9brale et des membres.\u00a0La chiropraxie est d\u00e9finie selon l\u2019Organisation Mondiale de la Sant\u00e9 (OMS) comme une profession de sant\u00e9 qui [&hellip;]\" \/>\n<meta property=\"og:url\" content=\"https:\/\/soinschiropratiques.com\/site\/home\/la-chiropraxie\/la-chiropraxie-definition-philosophie\/\" \/>\n<meta property=\"og:site_name\" content=\"Soins Chiropratiques - Laurence Alnet D.C. Chiropracteur Toulouse\" \/>\n<meta property=\"article:publisher\" content=\"https:\/\/www.facebook.com\/soinschiropratiques#\" \/>\n<meta property=\"article:modified_time\" content=\"2016-12-09T21:57:34+00:00\" \/>\n<meta property=\"og:image\" content=\"http:\/\/soinschiropratiques.com\/site\/wp-content\/uploads\/2016\/07\/chiropractic-logo-small-300x286.jpg\" \/>\n<meta name=\"twitter:card\" content=\"summary_large_image\" \/>\n<meta name=\"twitter:label1\" content=\"Dur\u00e9e de lecture estim\u00e9e\" \/>\n\t<meta name=\"twitter:data1\" content=\"1 minute\" \/>\n<script type=\"application\/ld+json\" class=\"yoast-schema-graph\">{\"@context\":\"https:\/\/schema.org\",\"@graph\":[{\"@type\":\"WebPage\",\"@id\":\"https:\/\/soinschiropratiques.com\/site\/home\/la-chiropraxie\/la-chiropraxie-definition-philosophie\/\",\"url\":\"https:\/\/soinschiropratiques.com\/site\/home\/la-chiropraxie\/la-chiropraxie-definition-philosophie\/\",\"name\":\"La Chiropraxie\u00a0: D\u00e9finition\/ Philosophie - Soins Chiropratiques - Laurence Alnet D.C. Chiropracteur Toulouse\",\"isPartOf\":{\"@id\":\"https:\/\/soinschiropratiques.com\/site\/#website\"},\"primaryImageOfPage\":{\"@id\":\"https:\/\/soinschiropratiques.com\/site\/home\/la-chiropraxie\/la-chiropraxie-definition-philosophie\/#primaryimage\"},\"image\":{\"@id\":\"https:\/\/soinschiropratiques.com\/site\/home\/la-chiropraxie\/la-chiropraxie-definition-philosophie\/#primaryimage\"},\"thumbnailUrl\":\"http:\/\/soinschiropratiques.com\/site\/wp-content\/uploads\/2016\/07\/chiropractic-logo-small-300x286.jpg\",\"datePublished\":\"2016-07-23T21:28:30+00:00\",\"dateModified\":\"2016-12-09T21:57:34+00:00\",\"breadcrumb\":{\"@id\":\"https:\/\/soinschiropratiques.com\/site\/home\/la-chiropraxie\/la-chiropraxie-definition-philosophie\/#breadcrumb\"},\"inLanguage\":\"fr-FR\",\"potentialAction\":[{\"@type\":\"ReadAction\",\"target\":[\"https:\/\/soinschiropratiques.com\/site\/home\/la-chiropraxie\/la-chiropraxie-definition-philosophie\/\"]}]},{\"@type\":\"ImageObject\",\"inLanguage\":\"fr-FR\",\"@id\":\"https:\/\/soinschiropratiques.com\/site\/home\/la-chiropraxie\/la-chiropraxie-definition-philosophie\/#primaryimage\",\"url\":\"http:\/\/soinschiropratiques.com\/site\/wp-content\/uploads\/2016\/07\/chiropractic-logo-small-300x286.jpg\",\"contentUrl\":\"http:\/\/soinschiropratiques.com\/site\/wp-content\/uploads\/2016\/07\/chiropractic-logo-small-300x286.jpg\"},{\"@type\":\"BreadcrumbList\",\"@id\":\"https:\/\/soinschiropratiques.com\/site\/home\/la-chiropraxie\/la-chiropraxie-definition-philosophie\/#breadcrumb\",\"itemListElement\":[{\"@type\":\"ListItem\",\"position\":1,\"name\":\"Home\",\"item\":\"https:\/\/soinschiropratiques.com\/site\/\"},{\"@type\":\"ListItem\",\"position\":2,\"name\":\"Chiropracteur et Cabinet Chiropratique Toulouse Jean Rieux Laurence Alnet D.C.\",\"item\":\"https:\/\/soinschiropratiques.com\/site\/\"},{\"@type\":\"ListItem\",\"position\":3,\"name\":\"La Chiropraxie &#8211; Cabinet Chiropraxie Toulouse &#8211; Laurence Alnet\",\"item\":\"https:\/\/soinschiropratiques.com\/site\/home\/la-chiropraxie\/\"},{\"@type\":\"ListItem\",\"position\":4,\"name\":\"La Chiropraxie\u00a0: D\u00e9finition\/ Philosophie\"}]},{\"@type\":\"WebSite\",\"@id\":\"https:\/\/soinschiropratiques.com\/site\/#website\",\"url\":\"https:\/\/soinschiropratiques.com\/site\/\",\"name\":\"Soins Chiropratiques - Laurence Alnet D.C. Chiropracteur Toulouse\",\"description\":\"Chiropracteur Toulouse Jean Rieux\",\"publisher\":{\"@id\":\"https:\/\/soinschiropratiques.com\/site\/#organization\"},\"potentialAction\":[{\"@type\":\"SearchAction\",\"target\":{\"@type\":\"EntryPoint\",\"urlTemplate\":\"https:\/\/soinschiropratiques.com\/site\/?s={search_term_string}\"},\"query-input\":{\"@type\":\"PropertyValueSpecification\",\"valueRequired\":true,\"valueName\":\"search_term_string\"}}],\"inLanguage\":\"fr-FR\"},{\"@type\":\"Organization\",\"@id\":\"https:\/\/soinschiropratiques.com\/site\/#organization\",\"name\":\"Soins Chiropratiques - Laurence Alnet D.C. Chiropracteur Toulouse\",\"url\":\"https:\/\/soinschiropratiques.com\/site\/\",\"logo\":{\"@type\":\"ImageObject\",\"inLanguage\":\"fr-FR\",\"@id\":\"https:\/\/soinschiropratiques.com\/site\/#\/schema\/logo\/image\/\",\"url\":\"https:\/\/soinschiropratiques.com\/site\/wp-content\/uploads\/2014\/05\/cropped-favico-2.jpg\",\"contentUrl\":\"https:\/\/soinschiropratiques.com\/site\/wp-content\/uploads\/2014\/05\/cropped-favico-2.jpg\",\"width\":512,\"height\":512,\"caption\":\"Soins Chiropratiques - Laurence Alnet D.C. Chiropracteur Toulouse\"},\"image\":{\"@id\":\"https:\/\/soinschiropratiques.com\/site\/#\/schema\/logo\/image\/\"},\"sameAs\":[\"https:\/\/www.facebook.com\/soinschiropratiques#\"]}]}<\/script>\n<!-- \/ Yoast SEO Premium plugin. -->","yoast_head_json":{"title":"La Chiropraxie\u00a0: D\u00e9finition\/ Philosophie - Soins Chiropratiques - Laurence Alnet D.C. Chiropracteur Toulouse","robots":{"index":"index","follow":"follow","max-snippet":"max-snippet:-1","max-image-preview":"max-image-preview:large","max-video-preview":"max-video-preview:-1"},"canonical":"https:\/\/soinschiropratiques.com\/site\/home\/la-chiropraxie\/la-chiropraxie-definition-philosophie\/","og_locale":"fr_FR","og_type":"article","og_title":"La Chiropraxie\u00a0: D\u00e9finition\/ Philosophie","og_description":"D\u00e9finition \u00a0 Profession de sant\u00e9 manuelle de r\u00e9f\u00e9rence pour les soins du dos et des articulations. La chiropraxie permet la d\u00e9tection, le traitement et la pr\u00e9vention des dysfonctionnements du squelette et de ses cons\u00e9quences, notamment au niveau de la colonne vert\u00e9brale et des membres.\u00a0La chiropraxie est d\u00e9finie selon l\u2019Organisation Mondiale de la Sant\u00e9 (OMS) comme une profession de sant\u00e9 qui [&hellip;]","og_url":"https:\/\/soinschiropratiques.com\/site\/home\/la-chiropraxie\/la-chiropraxie-definition-philosophie\/","og_site_name":"Soins Chiropratiques - Laurence Alnet D.C. Chiropracteur Toulouse","article_publisher":"https:\/\/www.facebook.com\/soinschiropratiques#","article_modified_time":"2016-12-09T21:57:34+00:00","og_image":[{"url":"http:\/\/soinschiropratiques.com\/site\/wp-content\/uploads\/2016\/07\/chiropractic-logo-small-300x286.jpg","type":"","width":"","height":""}],"twitter_card":"summary_large_image","twitter_misc":{"Dur\u00e9e de lecture estim\u00e9e":"1 minute"},"schema":{"@context":"https:\/\/schema.org","@graph":[{"@type":"WebPage","@id":"https:\/\/soinschiropratiques.com\/site\/home\/la-chiropraxie\/la-chiropraxie-definition-philosophie\/","url":"https:\/\/soinschiropratiques.com\/site\/home\/la-chiropraxie\/la-chiropraxie-definition-philosophie\/","name":"La Chiropraxie\u00a0: D\u00e9finition\/ Philosophie - Soins Chiropratiques - Laurence Alnet D.C. Chiropracteur Toulouse","isPartOf":{"@id":"https:\/\/soinschiropratiques.com\/site\/#website"},"primaryImageOfPage":{"@id":"https:\/\/soinschiropratiques.com\/site\/home\/la-chiropraxie\/la-chiropraxie-definition-philosophie\/#primaryimage"},"image":{"@id":"https:\/\/soinschiropratiques.com\/site\/home\/la-chiropraxie\/la-chiropraxie-definition-philosophie\/#primaryimage"},"thumbnailUrl":"http:\/\/soinschiropratiques.com\/site\/wp-content\/uploads\/2016\/07\/chiropractic-logo-small-300x286.jpg","datePublished":"2016-07-23T21:28:30+00:00","dateModified":"2016-12-09T21:57:34+00:00","breadcrumb":{"@id":"https:\/\/soinschiropratiques.com\/site\/home\/la-chiropraxie\/la-chiropraxie-definition-philosophie\/#breadcrumb"},"inLanguage":"fr-FR","potentialAction":[{"@type":"ReadAction","target":["https:\/\/soinschiropratiques.com\/site\/home\/la-chiropraxie\/la-chiropraxie-definition-philosophie\/"]}]},{"@type":"ImageObject","inLanguage":"fr-FR","@id":"https:\/\/soinschiropratiques.com\/site\/home\/la-chiropraxie\/la-chiropraxie-definition-philosophie\/#primaryimage","url":"http:\/\/soinschiropratiques.com\/site\/wp-content\/uploads\/2016\/07\/chiropractic-logo-small-300x286.jpg","contentUrl":"http:\/\/soinschiropratiques.com\/site\/wp-content\/uploads\/2016\/07\/chiropractic-logo-small-300x286.jpg"},{"@type":"BreadcrumbList","@id":"https:\/\/soinschiropratiques.com\/site\/home\/la-chiropraxie\/la-chiropraxie-definition-philosophie\/#breadcrumb","itemListElement":[{"@type":"ListItem","position":1,"name":"Home","item":"https:\/\/soinschiropratiques.com\/site\/"},{"@type":"ListItem","position":2,"name":"Chiropracteur et Cabinet Chiropratique Toulouse Jean Rieux Laurence Alnet D.C.","item":"https:\/\/soinschiropratiques.com\/site\/"},{"@type":"ListItem","position":3,"name":"La Chiropraxie &#8211; Cabinet Chiropraxie Toulouse &#8211; Laurence Alnet","item":"https:\/\/soinschiropratiques.com\/site\/home\/la-chiropraxie\/"},{"@type":"ListItem","position":4,"name":"La Chiropraxie\u00a0: D\u00e9finition\/ Philosophie"}]},{"@type":"WebSite","@id":"https:\/\/soinschiropratiques.com\/site\/#website","url":"https:\/\/soinschiropratiques.com\/site\/","name":"Soins Chiropratiques - Laurence Alnet D.C. Chiropracteur Toulouse","description":"Chiropracteur Toulouse Jean Rieux","publisher":{"@id":"https:\/\/soinschiropratiques.com\/site\/#organization"},"potentialAction":[{"@type":"SearchAction","target":{"@type":"EntryPoint","urlTemplate":"https:\/\/soinschiropratiques.com\/site\/?s={search_term_string}"},"query-input":{"@type":"PropertyValueSpecification","valueRequired":true,"valueName":"search_term_string"}}],"inLanguage":"fr-FR"},{"@type":"Organization","@id":"https:\/\/soinschiropratiques.com\/site\/#organization","name":"Soins Chiropratiques - Laurence Alnet D.C. Chiropracteur Toulouse","url":"https:\/\/soinschiropratiques.com\/site\/","logo":{"@type":"ImageObject","inLanguage":"fr-FR","@id":"https:\/\/soinschiropratiques.com\/site\/#\/schema\/logo\/image\/","url":"https:\/\/soinschiropratiques.com\/site\/wp-content\/uploads\/2014\/05\/cropped-favico-2.jpg","contentUrl":"https:\/\/soinschiropratiques.com\/site\/wp-content\/uploads\/2014\/05\/cropped-favico-2.jpg","width":512,"height":512,"caption":"Soins Chiropratiques - Laurence Alnet D.C. Chiropracteur Toulouse"},"image":{"@id":"https:\/\/soinschiropratiques.com\/site\/#\/schema\/logo\/image\/"},"sameAs":["https:\/\/www.facebook.com\/soinschiropratiques#"]}]}},"_links":{"self":[{"href":"https:\/\/soinschiropratiques.com\/site\/wp-json\/wp\/v2\/pages\/11511","targetHints":{"allow":["GET"]}}],"collection":[{"href":"https:\/\/soinschiropratiques.com\/site\/wp-json\/wp\/v2\/pages"}],"about":[{"href":"https:\/\/soinschiropratiques.com\/site\/wp-json\/wp\/v2\/types\/page"}],"author":[{"embeddable":true,"href":"https:\/\/soinschiropratiques.com\/site\/wp-json\/wp\/v2\/users\/1"}],"replies":[{"embeddable":true,"href":"https:\/\/soinschiropratiques.com\/site\/wp-json\/wp\/v2\/comments?post=11511"}],"version-history":[{"count":0,"href":"https:\/\/soinschiropratiques.com\/site\/wp-json\/wp\/v2\/pages\/11511\/revisions"}],"up":[{"embeddable":true,"href":"https:\/\/soinschiropratiques.com\/site\/wp-json\/wp\/v2\/pages\/33"}],"wp:attachment":[{"href":"https:\/\/soinschiropratiques.com\/site\/wp-json\/wp\/v2\/media?parent=11511"}],"curies":[{"name":"wp","href":"https:\/\/api.w.org\/{rel}","templated":true}]}}