{"id":11404,"date":"2016-01-03T17:53:35","date_gmt":"2016-01-03T17:53:35","guid":{"rendered":"http:\/\/soinschiropratiques.com\/site\/?page_id=11404"},"modified":"2017-02-21T21:07:09","modified_gmt":"2017-02-21T21:07:09","slug":"faq","status":"publish","type":"page","link":"https:\/\/soinschiropratiques.com\/site\/https-soinschiropratiques-com-chiropracteur-toulouse\/faq\/","title":{"rendered":"FAQ"},"content":{"rendered":"[spb_column col_sm=\u00a0\u00bb12&Prime; padding_horizontal=\u00a0\u00bb0&Prime; width=\u00a0\u00bb1\/1&Prime; el_position=\u00a0\u00bbfirst last\u00a0\u00bb] [spb_text_block animation=\u00a0\u00bbnone\u00a0\u00bb animation_delay=\u00a0\u00bb0&Prime; simplified_controls=\u00a0\u00bbyes\u00a0\u00bb custom_css_percentage=\u00a0\u00bbno\u00a0\u00bb padding_vertical=\u00a0\u00bb0&Prime; padding_horizontal=\u00a0\u00bb0&Prime; margin_vertical=\u00a0\u00bb0&Prime; custom_css=\u00a0\u00bbmargin-top: 0px;margin-bottom: 0px;\u00a0\u00bb border_size=\u00a0\u00bb0&Prime; border_styling_global=\u00a0\u00bbdefault\u00a0\u00bb width=\u00a0\u00bb1\/1&Prime; el_position=\u00a0\u00bbfirst last\u00a0\u00bb]\n<h3 style=\"text-align: center;\">Voici quelques questions fr\u00e9quemment pos\u00e9es. Si vous n&rsquo;y trouvez pas votre r\u00e9ponse n&rsquo;h\u00e9sitez pas \u00e0 <a href=\"https:\/\/soinschiropratiques.com\/site\/home\/contact\/\">contacter le cabinet<\/a>.<\/h3>\n[\/spb_text_block] [spb_faqs category=\u00a0\u00bbAll\u00a0\u00bb width=\u00a0\u00bb1\/1&Prime; el_position=\u00a0\u00bbfirst last\u00a0\u00bb] [\/spb_column]\n","protected":false},"excerpt":{"rendered":"<p>[spb_column col_sm=\u00a0\u00bb12&Prime; padding_horizontal=\u00a0\u00bb0&Prime; width=\u00a0\u00bb1\/1&Prime; el_position=\u00a0\u00bbfirst last\u00a0\u00bb] [spb_text_block animation=\u00a0\u00bbnone\u00a0\u00bb animation_delay=\u00a0\u00bb0&Prime; simplified_controls=\u00a0\u00bbyes\u00a0\u00bb custom_css_percentage=\u00a0\u00bbno\u00a0\u00bb padding_vertical=\u00a0\u00bb0&Prime; padding_horizontal=\u00a0\u00bb0&Prime; margin_vertical=\u00a0\u00bb0&Prime; custom_css=\u00a0\u00bbmargin-top: 0px;margin-bottom: 0px;\u00a0\u00bb border_size=\u00a0\u00bb0&Prime; border_styling_global=\u00a0\u00bbdefault\u00a0\u00bb width=\u00a0\u00bb1\/1&Prime; el_position=\u00a0\u00bbfirst last\u00a0\u00bb] Voici quelques questions fr\u00e9quemment pos\u00e9es. Si vous n&rsquo;y trouvez pas votre r\u00e9ponse n&rsquo;h\u00e9sitez pas \u00e0 contacter le cabinet. [\/spb_text_block] [spb_faqs category=\u00a0\u00bbAll\u00a0\u00bb width=\u00a0\u00bb1\/1&Prime; el_position=\u00a0\u00bbfirst last\u00a0\u00bb] [\/spb_column]<\/p>\n","protected":false},"author":1,"featured_media":0,"parent":11272,"menu_order":18,"comment_status":"closed","ping_status":"closed","template":"","meta":{"_exactmetrics_skip_tracking":false,"_exactmetrics_sitenote_active":false,"_exactmetrics_sitenote_note":"","_exactmetrics_sitenote_category":0,"footnotes":""},"class_list":["post-11404","page","type-page","status-publish","hentry"],"yoast_head":"<!-- This site is optimized with the Yoast SEO Premium plugin v26.7 (Yoast SEO v26.7) - https:\/\/yoast.com\/wordpress\/plugins\/seo\/ -->\n<title>FAQ - Soins Chiropratiques - Laurence Alnet D.C. Chiropracteur Toulouse<\/title>\n<meta name=\"robots\" content=\"index, follow, max-snippet:-1, max-image-preview:large, max-video-preview:-1\" \/>\n<link rel=\"canonical\" href=\"https:\/\/soinschiropratiques.com\/site\/home\/faq\/\" \/>\n<meta property=\"og:locale\" content=\"fr_FR\" \/>\n<meta property=\"og:type\" content=\"article\" \/>\n<meta property=\"og:title\" content=\"FAQ\" \/>\n<meta property=\"og:description\" content=\"[spb_column col_sm=\u00a0\u00bb12&Prime; padding_horizontal=\u00a0\u00bb0&Prime; width=\u00a0\u00bb1\/1&Prime; el_position=\u00a0\u00bbfirst last\u00a0\u00bb] [spb_text_block animation=\u00a0\u00bbnone\u00a0\u00bb animation_delay=\u00a0\u00bb0&Prime; simplified_controls=\u00a0\u00bbyes\u00a0\u00bb custom_css_percentage=\u00a0\u00bbno\u00a0\u00bb padding_vertical=\u00a0\u00bb0&Prime; padding_horizontal=\u00a0\u00bb0&Prime; margin_vertical=\u00a0\u00bb0&Prime; custom_css=\u00a0\u00bbmargin-top: 0px;margin-bottom: 0px;\u00a0\u00bb border_size=\u00a0\u00bb0&Prime; border_styling_global=\u00a0\u00bbdefault\u00a0\u00bb width=\u00a0\u00bb1\/1&Prime; el_position=\u00a0\u00bbfirst last\u00a0\u00bb] Voici quelques questions fr\u00e9quemment pos\u00e9es. Si vous n&rsquo;y trouvez pas votre r\u00e9ponse n&rsquo;h\u00e9sitez pas \u00e0 contacter le cabinet. [\/spb_text_block] [spb_faqs category=\u00a0\u00bbAll\u00a0\u00bb width=\u00a0\u00bb1\/1&Prime; el_position=\u00a0\u00bbfirst last\u00a0\u00bb] [\/spb_column]\" \/>\n<meta property=\"og:url\" content=\"https:\/\/soinschiropratiques.com\/site\/home\/faq\/\" \/>\n<meta property=\"og:site_name\" content=\"Soins Chiropratiques - Laurence Alnet D.C. Chiropracteur Toulouse\" \/>\n<meta property=\"article:publisher\" content=\"https:\/\/www.facebook.com\/soinschiropratiques#\" \/>\n<meta property=\"article:modified_time\" content=\"2017-02-21T21:07:09+00:00\" \/>\n<meta name=\"twitter:card\" content=\"summary_large_image\" \/>\n<script type=\"application\/ld+json\" class=\"yoast-schema-graph\">{\"@context\":\"https:\/\/schema.org\",\"@graph\":[{\"@type\":\"WebPage\",\"@id\":\"https:\/\/soinschiropratiques.com\/site\/home\/faq\/\",\"url\":\"https:\/\/soinschiropratiques.com\/site\/home\/faq\/\",\"name\":\"FAQ - Soins Chiropratiques - Laurence Alnet D.C. Chiropracteur Toulouse\",\"isPartOf\":{\"@id\":\"https:\/\/soinschiropratiques.com\/site\/#website\"},\"datePublished\":\"2016-01-03T17:53:35+00:00\",\"dateModified\":\"2017-02-21T21:07:09+00:00\",\"breadcrumb\":{\"@id\":\"https:\/\/soinschiropratiques.com\/site\/home\/faq\/#breadcrumb\"},\"inLanguage\":\"fr-FR\",\"potentialAction\":[{\"@type\":\"ReadAction\",\"target\":[\"https:\/\/soinschiropratiques.com\/site\/home\/faq\/\"]}]},{\"@type\":\"BreadcrumbList\",\"@id\":\"https:\/\/soinschiropratiques.com\/site\/home\/faq\/#breadcrumb\",\"itemListElement\":[{\"@type\":\"ListItem\",\"position\":1,\"name\":\"Home\",\"item\":\"https:\/\/soinschiropratiques.com\/site\/\"},{\"@type\":\"ListItem\",\"position\":2,\"name\":\"Chiropracteur et Cabinet Chiropratique Toulouse Jean Rieux Laurence Alnet D.C.\",\"item\":\"https:\/\/soinschiropratiques.com\/site\/\"},{\"@type\":\"ListItem\",\"position\":3,\"name\":\"FAQ\"}]},{\"@type\":\"WebSite\",\"@id\":\"https:\/\/soinschiropratiques.com\/site\/#website\",\"url\":\"https:\/\/soinschiropratiques.com\/site\/\",\"name\":\"Soins Chiropratiques - Laurence Alnet D.C. Chiropracteur Toulouse\",\"description\":\"Chiropracteur Toulouse Jean Rieux\",\"publisher\":{\"@id\":\"https:\/\/soinschiropratiques.com\/site\/#organization\"},\"potentialAction\":[{\"@type\":\"SearchAction\",\"target\":{\"@type\":\"EntryPoint\",\"urlTemplate\":\"https:\/\/soinschiropratiques.com\/site\/?s={search_term_string}\"},\"query-input\":{\"@type\":\"PropertyValueSpecification\",\"valueRequired\":true,\"valueName\":\"search_term_string\"}}],\"inLanguage\":\"fr-FR\"},{\"@type\":\"Organization\",\"@id\":\"https:\/\/soinschiropratiques.com\/site\/#organization\",\"name\":\"Soins Chiropratiques - Laurence Alnet D.C. Chiropracteur Toulouse\",\"url\":\"https:\/\/soinschiropratiques.com\/site\/\",\"logo\":{\"@type\":\"ImageObject\",\"inLanguage\":\"fr-FR\",\"@id\":\"https:\/\/soinschiropratiques.com\/site\/#\/schema\/logo\/image\/\",\"url\":\"https:\/\/soinschiropratiques.com\/site\/wp-content\/uploads\/2014\/05\/cropped-favico-2.jpg\",\"contentUrl\":\"https:\/\/soinschiropratiques.com\/site\/wp-content\/uploads\/2014\/05\/cropped-favico-2.jpg\",\"width\":512,\"height\":512,\"caption\":\"Soins Chiropratiques - Laurence Alnet D.C. Chiropracteur Toulouse\"},\"image\":{\"@id\":\"https:\/\/soinschiropratiques.com\/site\/#\/schema\/logo\/image\/\"},\"sameAs\":[\"https:\/\/www.facebook.com\/soinschiropratiques#\"]}]}<\/script>\n<!-- \/ Yoast SEO Premium plugin. -->","yoast_head_json":{"title":"FAQ - Soins Chiropratiques - Laurence Alnet D.C. Chiropracteur Toulouse","robots":{"index":"index","follow":"follow","max-snippet":"max-snippet:-1","max-image-preview":"max-image-preview:large","max-video-preview":"max-video-preview:-1"},"canonical":"https:\/\/soinschiropratiques.com\/site\/home\/faq\/","og_locale":"fr_FR","og_type":"article","og_title":"FAQ","og_description":"[spb_column col_sm=\u00a0\u00bb12&Prime; padding_horizontal=\u00a0\u00bb0&Prime; width=\u00a0\u00bb1\/1&Prime; el_position=\u00a0\u00bbfirst last\u00a0\u00bb] [spb_text_block animation=\u00a0\u00bbnone\u00a0\u00bb animation_delay=\u00a0\u00bb0&Prime; simplified_controls=\u00a0\u00bbyes\u00a0\u00bb custom_css_percentage=\u00a0\u00bbno\u00a0\u00bb padding_vertical=\u00a0\u00bb0&Prime; padding_horizontal=\u00a0\u00bb0&Prime; margin_vertical=\u00a0\u00bb0&Prime; custom_css=\u00a0\u00bbmargin-top: 0px;margin-bottom: 0px;\u00a0\u00bb border_size=\u00a0\u00bb0&Prime; border_styling_global=\u00a0\u00bbdefault\u00a0\u00bb width=\u00a0\u00bb1\/1&Prime; el_position=\u00a0\u00bbfirst last\u00a0\u00bb] Voici quelques questions fr\u00e9quemment pos\u00e9es. Si vous n&rsquo;y trouvez pas votre r\u00e9ponse n&rsquo;h\u00e9sitez pas \u00e0 contacter le cabinet. [\/spb_text_block] [spb_faqs category=\u00a0\u00bbAll\u00a0\u00bb width=\u00a0\u00bb1\/1&Prime; el_position=\u00a0\u00bbfirst last\u00a0\u00bb] [\/spb_column]","og_url":"https:\/\/soinschiropratiques.com\/site\/home\/faq\/","og_site_name":"Soins Chiropratiques - Laurence Alnet D.C. Chiropracteur Toulouse","article_publisher":"https:\/\/www.facebook.com\/soinschiropratiques#","article_modified_time":"2017-02-21T21:07:09+00:00","twitter_card":"summary_large_image","schema":{"@context":"https:\/\/schema.org","@graph":[{"@type":"WebPage","@id":"https:\/\/soinschiropratiques.com\/site\/home\/faq\/","url":"https:\/\/soinschiropratiques.com\/site\/home\/faq\/","name":"FAQ - Soins Chiropratiques - Laurence Alnet D.C. Chiropracteur Toulouse","isPartOf":{"@id":"https:\/\/soinschiropratiques.com\/site\/#website"},"datePublished":"2016-01-03T17:53:35+00:00","dateModified":"2017-02-21T21:07:09+00:00","breadcrumb":{"@id":"https:\/\/soinschiropratiques.com\/site\/home\/faq\/#breadcrumb"},"inLanguage":"fr-FR","potentialAction":[{"@type":"ReadAction","target":["https:\/\/soinschiropratiques.com\/site\/home\/faq\/"]}]},{"@type":"BreadcrumbList","@id":"https:\/\/soinschiropratiques.com\/site\/home\/faq\/#breadcrumb","itemListElement":[{"@type":"ListItem","position":1,"name":"Home","item":"https:\/\/soinschiropratiques.com\/site\/"},{"@type":"ListItem","position":2,"name":"Chiropracteur et Cabinet Chiropratique Toulouse Jean Rieux Laurence Alnet D.C.","item":"https:\/\/soinschiropratiques.com\/site\/"},{"@type":"ListItem","position":3,"name":"FAQ"}]},{"@type":"WebSite","@id":"https:\/\/soinschiropratiques.com\/site\/#website","url":"https:\/\/soinschiropratiques.com\/site\/","name":"Soins Chiropratiques - Laurence Alnet D.C. Chiropracteur Toulouse","description":"Chiropracteur Toulouse Jean Rieux","publisher":{"@id":"https:\/\/soinschiropratiques.com\/site\/#organization"},"potentialAction":[{"@type":"SearchAction","target":{"@type":"EntryPoint","urlTemplate":"https:\/\/soinschiropratiques.com\/site\/?s={search_term_string}"},"query-input":{"@type":"PropertyValueSpecification","valueRequired":true,"valueName":"search_term_string"}}],"inLanguage":"fr-FR"},{"@type":"Organization","@id":"https:\/\/soinschiropratiques.com\/site\/#organization","name":"Soins Chiropratiques - Laurence Alnet D.C. Chiropracteur Toulouse","url":"https:\/\/soinschiropratiques.com\/site\/","logo":{"@type":"ImageObject","inLanguage":"fr-FR","@id":"https:\/\/soinschiropratiques.com\/site\/#\/schema\/logo\/image\/","url":"https:\/\/soinschiropratiques.com\/site\/wp-content\/uploads\/2014\/05\/cropped-favico-2.jpg","contentUrl":"https:\/\/soinschiropratiques.com\/site\/wp-content\/uploads\/2014\/05\/cropped-favico-2.jpg","width":512,"height":512,"caption":"Soins Chiropratiques - Laurence Alnet D.C. Chiropracteur Toulouse"},"image":{"@id":"https:\/\/soinschiropratiques.com\/site\/#\/schema\/logo\/image\/"},"sameAs":["https:\/\/www.facebook.com\/soinschiropratiques#"]}]}},"_links":{"self":[{"href":"https:\/\/soinschiropratiques.com\/site\/wp-json\/wp\/v2\/pages\/11404","targetHints":{"allow":["GET"]}}],"collection":[{"href":"https:\/\/soinschiropratiques.com\/site\/wp-json\/wp\/v2\/pages"}],"about":[{"href":"https:\/\/soinschiropratiques.com\/site\/wp-json\/wp\/v2\/types\/page"}],"author":[{"embeddable":true,"href":"https:\/\/soinschiropratiques.com\/site\/wp-json\/wp\/v2\/users\/1"}],"replies":[{"embeddable":true,"href":"https:\/\/soinschiropratiques.com\/site\/wp-json\/wp\/v2\/comments?post=11404"}],"version-history":[{"count":0,"href":"https:\/\/soinschiropratiques.com\/site\/wp-json\/wp\/v2\/pages\/11404\/revisions"}],"up":[{"embeddable":true,"href":"https:\/\/soinschiropratiques.com\/site\/wp-json\/wp\/v2\/pages\/11272"}],"wp:attachment":[{"href":"https:\/\/soinschiropratiques.com\/site\/wp-json\/wp\/v2\/media?parent=11404"}],"curies":[{"name":"wp","href":"https:\/\/api.w.org\/{rel}","templated":true}]}}