{"id":11276,"date":"2014-03-26T18:59:13","date_gmt":"2014-03-26T18:59:13","guid":{"rendered":"http:\/\/cardinal.swiftideas.com\/corporate-demo\/?page_id=14"},"modified":"2017-11-19T10:46:14","modified_gmt":"2017-11-19T10:46:14","slug":"le-cabinet","status":"publish","type":"page","link":"https:\/\/soinschiropratiques.com\/site\/https-soinschiropratiques-com-chiropracteur-toulouse\/le-cabinet\/","title":{"rendered":"Le cabinet &#8211; Toulouse &#8211; Laurence Alnet"},"content":{"rendered":"[spb_blank_spacer height=\u00a0\u00bb30px\u00a0\u00bb width=\u00a0\u00bb1\/1&Prime; el_position=\u00a0\u00bbfirst last\u00a0\u00bb] [spb_row element_name=\u00a0\u00bbRow\u00a0\u00bb wrap_type=\u00a0\u00bbstandard-width\u00a0\u00bb row_bg_type=\u00a0\u00bbcolor\u00a0\u00bb color_row_height=\u00a0\u00bbcontent-height\u00a0\u00bb bg_type=\u00a0\u00bbcover\u00a0\u00bb parallax_image_height=\u00a0\u00bbcontent-height\u00a0\u00bb parallax_image_movement=\u00a0\u00bbfixed\u00a0\u00bb parallax_image_speed=\u00a0\u00bbstandard\u00a0\u00bb bg_video_loop=\u00a0\u00bbyes\u00a0\u00bb parallax_video_height=\u00a0\u00bbwindow-height\u00a0\u00bb row_top_style=\u00a0\u00bbnone\u00a0\u00bb row_bottom_style=\u00a0\u00bbnone\u00a0\u00bb parallax_video_overlay=\u00a0\u00bbnone\u00a0\u00bb row_overlay_opacity=\u00a0\u00bb0&Prime; remove_element_spacing=\u00a0\u00bbno\u00a0\u00bb row_col_spacing=\u00a0\u00bb0&Prime; row_col_pos=\u00a0\u00bbdefault\u00a0\u00bb row_col_equal_heights=\u00a0\u00bbno\u00a0\u00bb row_expanding=\u00a0\u00bbno\u00a0\u00bb row_animation=\u00a0\u00bbnone\u00a0\u00bb row_animation_delay=\u00a0\u00bb0&Prime; minimize_row=\u00a0\u00bbno\u00a0\u00bb simplified_controls=\u00a0\u00bbyes\u00a0\u00bb custom_css_percentage=\u00a0\u00bbno\u00a0\u00bb custom_css=\u00a0\u00bbmargin-top: 0px;margin-bottom: 0px;padding-left: 20px;padding-right: 20px;\u00a0\u00bb border_styling_global=\u00a0\u00bbdefault\u00a0\u00bb width=\u00a0\u00bb1\/1&Prime; el_position=\u00a0\u00bbfirst last\u00a0\u00bb] [spb_text_block animation=\u00a0\u00bbnone\u00a0\u00bb animation_delay=\u00a0\u00bb0&Prime; simplified_controls=\u00a0\u00bbyes\u00a0\u00bb custom_css_percentage=\u00a0\u00bbno\u00a0\u00bb padding_vertical=\u00a0\u00bb0&Prime; padding_horizontal=\u00a0\u00bb0&Prime; margin_vertical=\u00a0\u00bb0&Prime; custom_css=\u00a0\u00bbmargin-top: 0px;margin-bottom: 0px;background-color:#ffffff;\u00a0\u00bb border_size=\u00a0\u00bb0&Prime; border_styling_global=\u00a0\u00bbdefault\u00a0\u00bb back_color_global=\u00a0\u00bb#ffffff\u00a0\u00bb width=\u00a0\u00bb1\/1&Prime; el_position=\u00a0\u00bbfirst last\u00a0\u00bb]\n<h3 style=\"text-align: center;\"><strong>Votre Chiropraticienne\u00a0<\/strong><\/h3>\n[\/spb_text_block] [spb_text_block animation=\u00a0\u00bbnone\u00a0\u00bb animation_delay=\u00a0\u00bb0&Prime; simplified_controls=\u00a0\u00bbyes\u00a0\u00bb custom_css_percentage=\u00a0\u00bbno\u00a0\u00bb padding_vertical=\u00a0\u00bb0&Prime; padding_horizontal=\u00a0\u00bb0&Prime; margin_vertical=\u00a0\u00bb0&Prime; custom_css=\u00a0\u00bbmargin-top: 0px;margin-bottom: 0px;\u00a0\u00bb border_size=\u00a0\u00bb0&Prime; border_styling_global=\u00a0\u00bbdefault\u00a0\u00bb width=\u00a0\u00bb1\/1&Prime; el_position=\u00a0\u00bbfirst last\u00a0\u00bb]\n<p class=\"p1\"><span class=\"s1\">Laurence Alnet, chiropraticienne\u00a0dipl\u00f4m\u00e9e de l\u2019Institut Franco-Europ\u00e9en de Chiropraxie \u00e0 Toulouse, prend en charge les patients de tous \u00e2ges et parle 3 langues : Fran\u00e7ais, Espagnol et Anglais.<\/span><\/p>\n<p class=\"p1\"><span class=\"s1\">Les techniques qu\u2019elle pratique sont diverses et s\u2019adaptent \u00e0 tous types de patients, du nourrisson \u00e0 la personne \u00e2g\u00e9e: Diversified technique, Gonstead technique, Aplied Kinesiology, Sacro-occipital technique, Bio energetical structural technique, Total body modification, Kinesio Taping.<\/span><\/p>\n<p class=\"p1\"><span class=\"s1\">Elles\u00a0peuvent s\u2019effectuer par des ajustements m\u00e9caniques ou non, selon les besoins et\/ou les contre-indications du patient.<\/span><\/p>\n[\/spb_text_block] [\/spb_row] [spb_column col_animation=\u00a0\u00bbnone\u00a0\u00bb col_animation_delay=\u00a0\u00bb0&Prime; col_bg_type=\u00a0\u00bbcover\u00a0\u00bb col_parallax_image_movement=\u00a0\u00bbfixed\u00a0\u00bb col_parallax_image_speed=\u00a0\u00bb0.5&Prime; col_padding=\u00a0\u00bb0&Prime; col_vertical_offset=\u00a0\u00bb0&Prime; col_horizontal_offset=\u00a0\u00bb0&Prime; col_custom_zindex=\u00a0\u00bb0&Prime; col_sm=\u00a0\u00bb6&Prime; simplified_controls=\u00a0\u00bbno\u00a0\u00bb custom_css_percentage=\u00a0\u00bbno\u00a0\u00bb padding_vertical=\u00a0\u00bb400&Prime; padding_horizontal=\u00a0\u00bb20&Prime; margin_vertical=\u00a0\u00bb0&Prime; custom_css=\u00a0\u00bbmargin-top: 0px;margin-bottom: 0px;padding-left: 20px;padding-right: 20px;\u00a0\u00bb border_styling_global=\u00a0\u00bbdefault\u00a0\u00bb width=\u00a0\u00bb1\/2&Prime; el_position=\u00a0\u00bbfirst\u00a0\u00bb] [spb_image image=\u00a0\u00bb14727&Prime; image_size=\u00a0\u00bbthumb-image-twocol\u00a0\u00bb frame=\u00a0\u00bbnoframe\u00a0\u00bb caption_pos=\u00a0\u00bbhover\u00a0\u00bb remove_rounded=\u00a0\u00bbyes\u00a0\u00bb fullwidth=\u00a0\u00bbno\u00a0\u00bb overflow_mode=\u00a0\u00bbnone\u00a0\u00bb link_target=\u00a0\u00bb_self\u00a0\u00bb lightbox=\u00a0\u00bbno\u00a0\u00bb intro_animation=\u00a0\u00bbnone\u00a0\u00bb animation_delay=\u00a0\u00bb200&Prime; width=\u00a0\u00bb1\/1&Prime; el_position=\u00a0\u00bbfirst last\u00a0\u00bb][\/spb_image] [\/spb_column] [spb_column col_animation=\u00a0\u00bbnone\u00a0\u00bb col_animation_delay=\u00a0\u00bb0&Prime; col_bg_type=\u00a0\u00bbcover\u00a0\u00bb col_parallax_image_movement=\u00a0\u00bbfixed\u00a0\u00bb col_parallax_image_speed=\u00a0\u00bb0.5&Prime; col_padding=\u00a0\u00bb0&Prime; col_vertical_offset=\u00a0\u00bb0&Prime; col_horizontal_offset=\u00a0\u00bb0&Prime; col_custom_zindex=\u00a0\u00bb0&Prime; col_sm=\u00a0\u00bb6&Prime; simplified_controls=\u00a0\u00bbno\u00a0\u00bb custom_css_percentage=\u00a0\u00bbno\u00a0\u00bb padding_vertical=\u00a0\u00bb400&Prime; padding_horizontal=\u00a0\u00bb20&Prime; margin_vertical=\u00a0\u00bb0&Prime; custom_css=\u00a0\u00bbmargin-top: 0px;margin-bottom: 0px;padding-left: 20px;padding-right: 20px;\u00a0\u00bb border_styling_global=\u00a0\u00bbdefault\u00a0\u00bb width=\u00a0\u00bb1\/2&Prime; el_position=\u00a0\u00bblast\u00a0\u00bb] [spb_image image=\u00a0\u00bb12711&Prime; image_size=\u00a0\u00bbthumb-image-twocol\u00a0\u00bb frame=\u00a0\u00bbnoframe\u00a0\u00bb caption_pos=\u00a0\u00bbhover\u00a0\u00bb remove_rounded=\u00a0\u00bbyes\u00a0\u00bb fullwidth=\u00a0\u00bbno\u00a0\u00bb overflow_mode=\u00a0\u00bbnone\u00a0\u00bb link_target=\u00a0\u00bb_self\u00a0\u00bb lightbox=\u00a0\u00bbno\u00a0\u00bb intro_animation=\u00a0\u00bbnone\u00a0\u00bb animation_delay=\u00a0\u00bb200&Prime; width=\u00a0\u00bb1\/1&Prime; el_position=\u00a0\u00bbfirst last\u00a0\u00bb][\/spb_image] [\/spb_column] [spb_column col_animation=\u00a0\u00bbnone\u00a0\u00bb col_animation_delay=\u00a0\u00bb0&Prime; col_bg_type=\u00a0\u00bbcover\u00a0\u00bb col_parallax_image_movement=\u00a0\u00bbfixed\u00a0\u00bb col_parallax_image_speed=\u00a0\u00bb0.5&Prime; col_padding=\u00a0\u00bb0&Prime; col_vertical_offset=\u00a0\u00bb0&Prime; col_horizontal_offset=\u00a0\u00bb0&Prime; col_custom_zindex=\u00a0\u00bb0&Prime; col_sm=\u00a0\u00bb6&Prime; simplified_controls=\u00a0\u00bbyes\u00a0\u00bb custom_css_percentage=\u00a0\u00bbno\u00a0\u00bb padding_vertical=\u00a0\u00bb400&Prime; padding_horizontal=\u00a0\u00bb20&Prime; margin_vertical=\u00a0\u00bb0&Prime; custom_css=\u00a0\u00bbmargin-top: 0px;margin-bottom: 0px;padding-left: 20px;padding-right: 20px;\u00a0\u00bb border_styling_global=\u00a0\u00bbdefault\u00a0\u00bb width=\u00a0\u00bb1\/2&Prime; el_position=\u00a0\u00bbfirst\u00a0\u00bb] [spb_image image=\u00a0\u00bb12708&Prime; image_size=\u00a0\u00bbthumb-image-twocol\u00a0\u00bb frame=\u00a0\u00bbnoframe\u00a0\u00bb caption_pos=\u00a0\u00bbhover\u00a0\u00bb remove_rounded=\u00a0\u00bbyes\u00a0\u00bb fullwidth=\u00a0\u00bbno\u00a0\u00bb overflow_mode=\u00a0\u00bbnone\u00a0\u00bb link_target=\u00a0\u00bb_self\u00a0\u00bb lightbox=\u00a0\u00bbno\u00a0\u00bb intro_animation=\u00a0\u00bbnone\u00a0\u00bb animation_delay=\u00a0\u00bb200&Prime; width=\u00a0\u00bb1\/1&Prime; el_position=\u00a0\u00bbfirst last\u00a0\u00bb][\/spb_image] [spb_image image=\u00a0\u00bb12712&Prime; image_size=\u00a0\u00bbthumb-image-twocol\u00a0\u00bb frame=\u00a0\u00bbnoframe\u00a0\u00bb caption_pos=\u00a0\u00bbhover\u00a0\u00bb remove_rounded=\u00a0\u00bbyes\u00a0\u00bb fullwidth=\u00a0\u00bbno\u00a0\u00bb overflow_mode=\u00a0\u00bbnone\u00a0\u00bb link_target=\u00a0\u00bb_self\u00a0\u00bb lightbox=\u00a0\u00bbno\u00a0\u00bb intro_animation=\u00a0\u00bbnone\u00a0\u00bb animation_delay=\u00a0\u00bb200&Prime; width=\u00a0\u00bb1\/1&Prime; el_position=\u00a0\u00bbfirst last\u00a0\u00bb][\/spb_image] [\/spb_column] [spb_column col_animation=\u00a0\u00bbnone\u00a0\u00bb col_animation_delay=\u00a0\u00bb0&Prime; col_bg_type=\u00a0\u00bbcover\u00a0\u00bb col_parallax_image_movement=\u00a0\u00bbfixed\u00a0\u00bb col_parallax_image_speed=\u00a0\u00bb0.5&Prime; col_padding=\u00a0\u00bb0&Prime; col_vertical_offset=\u00a0\u00bb0&Prime; col_horizontal_offset=\u00a0\u00bb0&Prime; col_custom_zindex=\u00a0\u00bb0&Prime; col_sm=\u00a0\u00bb6&Prime; simplified_controls=\u00a0\u00bbyes\u00a0\u00bb custom_css_percentage=\u00a0\u00bbno\u00a0\u00bb padding_vertical=\u00a0\u00bb400&Prime; padding_horizontal=\u00a0\u00bb20&Prime; margin_vertical=\u00a0\u00bb0&Prime; custom_css=\u00a0\u00bbmargin-top: 0px;margin-bottom: 0px;padding-left: 20px;padding-right: 20px;\u00a0\u00bb border_styling_global=\u00a0\u00bbdefault\u00a0\u00bb width=\u00a0\u00bb1\/2&Prime; el_position=\u00a0\u00bblast\u00a0\u00bb] [spb_image image=\u00a0\u00bb12709&Prime; image_size=\u00a0\u00bbthumb-image-twocol\u00a0\u00bb frame=\u00a0\u00bbnoframe\u00a0\u00bb caption_pos=\u00a0\u00bbhover\u00a0\u00bb remove_rounded=\u00a0\u00bbyes\u00a0\u00bb fullwidth=\u00a0\u00bbno\u00a0\u00bb overflow_mode=\u00a0\u00bbnone\u00a0\u00bb link_target=\u00a0\u00bb_self\u00a0\u00bb lightbox=\u00a0\u00bbno\u00a0\u00bb intro_animation=\u00a0\u00bbnone\u00a0\u00bb animation_delay=\u00a0\u00bb200&Prime; width=\u00a0\u00bb1\/1&Prime; el_position=\u00a0\u00bbfirst last\u00a0\u00bb][\/spb_image] [spb_image image=\u00a0\u00bb12714&Prime; image_size=\u00a0\u00bbthumb-image-twocol\u00a0\u00bb frame=\u00a0\u00bbnoframe\u00a0\u00bb caption_pos=\u00a0\u00bbhover\u00a0\u00bb remove_rounded=\u00a0\u00bbyes\u00a0\u00bb fullwidth=\u00a0\u00bbno\u00a0\u00bb overflow_mode=\u00a0\u00bbnone\u00a0\u00bb link_target=\u00a0\u00bb_self\u00a0\u00bb lightbox=\u00a0\u00bbno\u00a0\u00bb intro_animation=\u00a0\u00bbnone\u00a0\u00bb animation_delay=\u00a0\u00bb200&Prime; width=\u00a0\u00bb1\/1&Prime; el_position=\u00a0\u00bbfirst last\u00a0\u00bb][\/spb_image] [\/spb_column]\n","protected":false},"excerpt":{"rendered":"<p>[spb_blank_spacer height=\u00a0\u00bb30px\u00a0\u00bb width=\u00a0\u00bb1\/1&Prime; el_position=\u00a0\u00bbfirst last\u00a0\u00bb] [spb_row element_name=\u00a0\u00bbRow\u00a0\u00bb wrap_type=\u00a0\u00bbstandard-width\u00a0\u00bb row_bg_type=\u00a0\u00bbcolor\u00a0\u00bb color_row_height=\u00a0\u00bbcontent-height\u00a0\u00bb bg_type=\u00a0\u00bbcover\u00a0\u00bb parallax_image_height=\u00a0\u00bbcontent-height\u00a0\u00bb parallax_image_movement=\u00a0\u00bbfixed\u00a0\u00bb parallax_image_speed=\u00a0\u00bbstandard\u00a0\u00bb bg_video_loop=\u00a0\u00bbyes\u00a0\u00bb parallax_video_height=\u00a0\u00bbwindow-height\u00a0\u00bb row_top_style=\u00a0\u00bbnone\u00a0\u00bb row_bottom_style=\u00a0\u00bbnone\u00a0\u00bb parallax_video_overlay=\u00a0\u00bbnone\u00a0\u00bb row_overlay_opacity=\u00a0\u00bb0&Prime; remove_element_spacing=\u00a0\u00bbno\u00a0\u00bb row_col_spacing=\u00a0\u00bb0&Prime; row_col_pos=\u00a0\u00bbdefault\u00a0\u00bb row_col_equal_heights=\u00a0\u00bbno\u00a0\u00bb row_expanding=\u00a0\u00bbno\u00a0\u00bb row_animation=\u00a0\u00bbnone\u00a0\u00bb row_animation_delay=\u00a0\u00bb0&Prime; minimize_row=\u00a0\u00bbno\u00a0\u00bb simplified_controls=\u00a0\u00bbyes\u00a0\u00bb custom_css_percentage=\u00a0\u00bbno\u00a0\u00bb custom_css=\u00a0\u00bbmargin-top: 0px;margin-bottom: 0px;padding-left: 20px;padding-right: 20px;\u00a0\u00bb border_styling_global=\u00a0\u00bbdefault\u00a0\u00bb width=\u00a0\u00bb1\/1&Prime; el_position=\u00a0\u00bbfirst last\u00a0\u00bb] [spb_text_block animation=\u00a0\u00bbnone\u00a0\u00bb animation_delay=\u00a0\u00bb0&Prime; simplified_controls=\u00a0\u00bbyes\u00a0\u00bb custom_css_percentage=\u00a0\u00bbno\u00a0\u00bb padding_vertical=\u00a0\u00bb0&Prime; padding_horizontal=\u00a0\u00bb0&Prime; margin_vertical=\u00a0\u00bb0&Prime; custom_css=\u00a0\u00bbmargin-top: 0px;margin-bottom: 0px;background-color:#ffffff;\u00a0\u00bb border_size=\u00a0\u00bb0&Prime; border_styling_global=\u00a0\u00bbdefault\u00a0\u00bb back_color_global=\u00a0\u00bb#ffffff\u00a0\u00bb width=\u00a0\u00bb1\/1&Prime; el_position=\u00a0\u00bbfirst last\u00a0\u00bb] Votre Chiropraticienne\u00a0 [\/spb_text_block] [spb_text_block [&hellip;]<\/p>\n","protected":false},"author":1,"featured_media":0,"parent":11272,"menu_order":11,"comment_status":"open","ping_status":"open","template":"","meta":{"_exactmetrics_skip_tracking":false,"_exactmetrics_sitenote_active":false,"_exactmetrics_sitenote_note":"","_exactmetrics_sitenote_category":0,"footnotes":""},"class_list":["post-11276","page","type-page","status-publish","hentry"],"yoast_head":"<!-- This site is optimized with the Yoast SEO Premium plugin v26.7 (Yoast SEO v26.7) - https:\/\/yoast.com\/wordpress\/plugins\/seo\/ -->\n<title>Le cabinet - Toulouse - Laurence Alnet - Soins Chiropratiques - Laurence Alnet D.C. Chiropracteur Toulouse<\/title>\n<meta name=\"robots\" content=\"index, follow, max-snippet:-1, max-image-preview:large, max-video-preview:-1\" \/>\n<link rel=\"canonical\" href=\"https:\/\/soinschiropratiques.com\/site\/home\/le-cabinet\/\" \/>\n<meta property=\"og:locale\" content=\"fr_FR\" \/>\n<meta property=\"og:type\" content=\"article\" \/>\n<meta property=\"og:title\" content=\"Le cabinet - Toulouse - Laurence Alnet\" \/>\n<meta property=\"og:description\" content=\"[spb_blank_spacer height=\u00a0\u00bb30px\u00a0\u00bb width=\u00a0\u00bb1\/1&Prime; el_position=\u00a0\u00bbfirst last\u00a0\u00bb] [spb_row element_name=\u00a0\u00bbRow\u00a0\u00bb wrap_type=\u00a0\u00bbstandard-width\u00a0\u00bb row_bg_type=\u00a0\u00bbcolor\u00a0\u00bb color_row_height=\u00a0\u00bbcontent-height\u00a0\u00bb bg_type=\u00a0\u00bbcover\u00a0\u00bb parallax_image_height=\u00a0\u00bbcontent-height\u00a0\u00bb parallax_image_movement=\u00a0\u00bbfixed\u00a0\u00bb parallax_image_speed=\u00a0\u00bbstandard\u00a0\u00bb bg_video_loop=\u00a0\u00bbyes\u00a0\u00bb parallax_video_height=\u00a0\u00bbwindow-height\u00a0\u00bb row_top_style=\u00a0\u00bbnone\u00a0\u00bb row_bottom_style=\u00a0\u00bbnone\u00a0\u00bb parallax_video_overlay=\u00a0\u00bbnone\u00a0\u00bb row_overlay_opacity=\u00a0\u00bb0&Prime; remove_element_spacing=\u00a0\u00bbno\u00a0\u00bb row_col_spacing=\u00a0\u00bb0&Prime; row_col_pos=\u00a0\u00bbdefault\u00a0\u00bb row_col_equal_heights=\u00a0\u00bbno\u00a0\u00bb row_expanding=\u00a0\u00bbno\u00a0\u00bb row_animation=\u00a0\u00bbnone\u00a0\u00bb row_animation_delay=\u00a0\u00bb0&Prime; minimize_row=\u00a0\u00bbno\u00a0\u00bb simplified_controls=\u00a0\u00bbyes\u00a0\u00bb custom_css_percentage=\u00a0\u00bbno\u00a0\u00bb custom_css=\u00a0\u00bbmargin-top: 0px;margin-bottom: 0px;padding-left: 20px;padding-right: 20px;\u00a0\u00bb border_styling_global=\u00a0\u00bbdefault\u00a0\u00bb width=\u00a0\u00bb1\/1&Prime; el_position=\u00a0\u00bbfirst last\u00a0\u00bb] [spb_text_block animation=\u00a0\u00bbnone\u00a0\u00bb animation_delay=\u00a0\u00bb0&Prime; simplified_controls=\u00a0\u00bbyes\u00a0\u00bb custom_css_percentage=\u00a0\u00bbno\u00a0\u00bb padding_vertical=\u00a0\u00bb0&Prime; padding_horizontal=\u00a0\u00bb0&Prime; margin_vertical=\u00a0\u00bb0&Prime; custom_css=\u00a0\u00bbmargin-top: 0px;margin-bottom: 0px;background-color:#ffffff;\u00a0\u00bb border_size=\u00a0\u00bb0&Prime; border_styling_global=\u00a0\u00bbdefault\u00a0\u00bb back_color_global=\u00a0\u00bb#ffffff\u00a0\u00bb width=\u00a0\u00bb1\/1&Prime; el_position=\u00a0\u00bbfirst last\u00a0\u00bb] Votre Chiropraticienne\u00a0 [\/spb_text_block] [spb_text_block [&hellip;]\" \/>\n<meta property=\"og:url\" content=\"https:\/\/soinschiropratiques.com\/site\/home\/le-cabinet\/\" \/>\n<meta property=\"og:site_name\" content=\"Soins Chiropratiques - Laurence Alnet D.C. Chiropracteur Toulouse\" \/>\n<meta property=\"article:publisher\" content=\"https:\/\/www.facebook.com\/soinschiropratiques#\" \/>\n<meta property=\"article:modified_time\" content=\"2017-11-19T10:46:14+00:00\" \/>\n<meta name=\"twitter:card\" content=\"summary_large_image\" \/>\n<meta name=\"twitter:label1\" content=\"Dur\u00e9e de lecture estim\u00e9e\" \/>\n\t<meta name=\"twitter:data1\" content=\"4 minutes\" \/>\n<script type=\"application\/ld+json\" class=\"yoast-schema-graph\">{\"@context\":\"https:\/\/schema.org\",\"@graph\":[{\"@type\":\"WebPage\",\"@id\":\"https:\/\/soinschiropratiques.com\/site\/home\/le-cabinet\/\",\"url\":\"https:\/\/soinschiropratiques.com\/site\/home\/le-cabinet\/\",\"name\":\"Le cabinet - Toulouse - Laurence Alnet - Soins Chiropratiques - Laurence Alnet D.C. Chiropracteur Toulouse\",\"isPartOf\":{\"@id\":\"https:\/\/soinschiropratiques.com\/site\/#website\"},\"datePublished\":\"2014-03-26T18:59:13+00:00\",\"dateModified\":\"2017-11-19T10:46:14+00:00\",\"breadcrumb\":{\"@id\":\"https:\/\/soinschiropratiques.com\/site\/home\/le-cabinet\/#breadcrumb\"},\"inLanguage\":\"fr-FR\",\"potentialAction\":[{\"@type\":\"ReadAction\",\"target\":[\"https:\/\/soinschiropratiques.com\/site\/home\/le-cabinet\/\"]}]},{\"@type\":\"BreadcrumbList\",\"@id\":\"https:\/\/soinschiropratiques.com\/site\/home\/le-cabinet\/#breadcrumb\",\"itemListElement\":[{\"@type\":\"ListItem\",\"position\":1,\"name\":\"Home\",\"item\":\"https:\/\/soinschiropratiques.com\/site\/\"},{\"@type\":\"ListItem\",\"position\":2,\"name\":\"Chiropracteur et Cabinet Chiropratique Toulouse Jean Rieux Laurence Alnet D.C.\",\"item\":\"https:\/\/soinschiropratiques.com\/site\/\"},{\"@type\":\"ListItem\",\"position\":3,\"name\":\"Le cabinet &#8211; Toulouse &#8211; Laurence Alnet\"}]},{\"@type\":\"WebSite\",\"@id\":\"https:\/\/soinschiropratiques.com\/site\/#website\",\"url\":\"https:\/\/soinschiropratiques.com\/site\/\",\"name\":\"Soins Chiropratiques - Laurence Alnet D.C. Chiropracteur Toulouse\",\"description\":\"Chiropracteur Toulouse Jean Rieux\",\"publisher\":{\"@id\":\"https:\/\/soinschiropratiques.com\/site\/#organization\"},\"potentialAction\":[{\"@type\":\"SearchAction\",\"target\":{\"@type\":\"EntryPoint\",\"urlTemplate\":\"https:\/\/soinschiropratiques.com\/site\/?s={search_term_string}\"},\"query-input\":{\"@type\":\"PropertyValueSpecification\",\"valueRequired\":true,\"valueName\":\"search_term_string\"}}],\"inLanguage\":\"fr-FR\"},{\"@type\":\"Organization\",\"@id\":\"https:\/\/soinschiropratiques.com\/site\/#organization\",\"name\":\"Soins Chiropratiques - Laurence Alnet D.C. Chiropracteur Toulouse\",\"url\":\"https:\/\/soinschiropratiques.com\/site\/\",\"logo\":{\"@type\":\"ImageObject\",\"inLanguage\":\"fr-FR\",\"@id\":\"https:\/\/soinschiropratiques.com\/site\/#\/schema\/logo\/image\/\",\"url\":\"https:\/\/soinschiropratiques.com\/site\/wp-content\/uploads\/2014\/05\/cropped-favico-2.jpg\",\"contentUrl\":\"https:\/\/soinschiropratiques.com\/site\/wp-content\/uploads\/2014\/05\/cropped-favico-2.jpg\",\"width\":512,\"height\":512,\"caption\":\"Soins Chiropratiques - Laurence Alnet D.C. Chiropracteur Toulouse\"},\"image\":{\"@id\":\"https:\/\/soinschiropratiques.com\/site\/#\/schema\/logo\/image\/\"},\"sameAs\":[\"https:\/\/www.facebook.com\/soinschiropratiques#\"]}]}<\/script>\n<!-- \/ Yoast SEO Premium plugin. -->","yoast_head_json":{"title":"Le cabinet - Toulouse - Laurence Alnet - Soins Chiropratiques - Laurence Alnet D.C. Chiropracteur Toulouse","robots":{"index":"index","follow":"follow","max-snippet":"max-snippet:-1","max-image-preview":"max-image-preview:large","max-video-preview":"max-video-preview:-1"},"canonical":"https:\/\/soinschiropratiques.com\/site\/home\/le-cabinet\/","og_locale":"fr_FR","og_type":"article","og_title":"Le cabinet - Toulouse - Laurence Alnet","og_description":"[spb_blank_spacer height=\u00a0\u00bb30px\u00a0\u00bb width=\u00a0\u00bb1\/1&Prime; el_position=\u00a0\u00bbfirst last\u00a0\u00bb] [spb_row element_name=\u00a0\u00bbRow\u00a0\u00bb wrap_type=\u00a0\u00bbstandard-width\u00a0\u00bb row_bg_type=\u00a0\u00bbcolor\u00a0\u00bb color_row_height=\u00a0\u00bbcontent-height\u00a0\u00bb bg_type=\u00a0\u00bbcover\u00a0\u00bb parallax_image_height=\u00a0\u00bbcontent-height\u00a0\u00bb parallax_image_movement=\u00a0\u00bbfixed\u00a0\u00bb parallax_image_speed=\u00a0\u00bbstandard\u00a0\u00bb bg_video_loop=\u00a0\u00bbyes\u00a0\u00bb parallax_video_height=\u00a0\u00bbwindow-height\u00a0\u00bb row_top_style=\u00a0\u00bbnone\u00a0\u00bb row_bottom_style=\u00a0\u00bbnone\u00a0\u00bb parallax_video_overlay=\u00a0\u00bbnone\u00a0\u00bb row_overlay_opacity=\u00a0\u00bb0&Prime; remove_element_spacing=\u00a0\u00bbno\u00a0\u00bb row_col_spacing=\u00a0\u00bb0&Prime; row_col_pos=\u00a0\u00bbdefault\u00a0\u00bb row_col_equal_heights=\u00a0\u00bbno\u00a0\u00bb row_expanding=\u00a0\u00bbno\u00a0\u00bb row_animation=\u00a0\u00bbnone\u00a0\u00bb row_animation_delay=\u00a0\u00bb0&Prime; minimize_row=\u00a0\u00bbno\u00a0\u00bb simplified_controls=\u00a0\u00bbyes\u00a0\u00bb custom_css_percentage=\u00a0\u00bbno\u00a0\u00bb custom_css=\u00a0\u00bbmargin-top: 0px;margin-bottom: 0px;padding-left: 20px;padding-right: 20px;\u00a0\u00bb border_styling_global=\u00a0\u00bbdefault\u00a0\u00bb width=\u00a0\u00bb1\/1&Prime; el_position=\u00a0\u00bbfirst last\u00a0\u00bb] [spb_text_block animation=\u00a0\u00bbnone\u00a0\u00bb animation_delay=\u00a0\u00bb0&Prime; simplified_controls=\u00a0\u00bbyes\u00a0\u00bb custom_css_percentage=\u00a0\u00bbno\u00a0\u00bb padding_vertical=\u00a0\u00bb0&Prime; padding_horizontal=\u00a0\u00bb0&Prime; margin_vertical=\u00a0\u00bb0&Prime; custom_css=\u00a0\u00bbmargin-top: 0px;margin-bottom: 0px;background-color:#ffffff;\u00a0\u00bb border_size=\u00a0\u00bb0&Prime; border_styling_global=\u00a0\u00bbdefault\u00a0\u00bb back_color_global=\u00a0\u00bb#ffffff\u00a0\u00bb width=\u00a0\u00bb1\/1&Prime; el_position=\u00a0\u00bbfirst last\u00a0\u00bb] Votre Chiropraticienne\u00a0 [\/spb_text_block] [spb_text_block [&hellip;]","og_url":"https:\/\/soinschiropratiques.com\/site\/home\/le-cabinet\/","og_site_name":"Soins Chiropratiques - Laurence Alnet D.C. Chiropracteur Toulouse","article_publisher":"https:\/\/www.facebook.com\/soinschiropratiques#","article_modified_time":"2017-11-19T10:46:14+00:00","twitter_card":"summary_large_image","twitter_misc":{"Dur\u00e9e de lecture estim\u00e9e":"4 minutes"},"schema":{"@context":"https:\/\/schema.org","@graph":[{"@type":"WebPage","@id":"https:\/\/soinschiropratiques.com\/site\/home\/le-cabinet\/","url":"https:\/\/soinschiropratiques.com\/site\/home\/le-cabinet\/","name":"Le cabinet - Toulouse - Laurence Alnet - Soins Chiropratiques - Laurence Alnet D.C. Chiropracteur Toulouse","isPartOf":{"@id":"https:\/\/soinschiropratiques.com\/site\/#website"},"datePublished":"2014-03-26T18:59:13+00:00","dateModified":"2017-11-19T10:46:14+00:00","breadcrumb":{"@id":"https:\/\/soinschiropratiques.com\/site\/home\/le-cabinet\/#breadcrumb"},"inLanguage":"fr-FR","potentialAction":[{"@type":"ReadAction","target":["https:\/\/soinschiropratiques.com\/site\/home\/le-cabinet\/"]}]},{"@type":"BreadcrumbList","@id":"https:\/\/soinschiropratiques.com\/site\/home\/le-cabinet\/#breadcrumb","itemListElement":[{"@type":"ListItem","position":1,"name":"Home","item":"https:\/\/soinschiropratiques.com\/site\/"},{"@type":"ListItem","position":2,"name":"Chiropracteur et Cabinet Chiropratique Toulouse Jean Rieux Laurence Alnet D.C.","item":"https:\/\/soinschiropratiques.com\/site\/"},{"@type":"ListItem","position":3,"name":"Le cabinet &#8211; Toulouse &#8211; Laurence Alnet"}]},{"@type":"WebSite","@id":"https:\/\/soinschiropratiques.com\/site\/#website","url":"https:\/\/soinschiropratiques.com\/site\/","name":"Soins Chiropratiques - Laurence Alnet D.C. Chiropracteur Toulouse","description":"Chiropracteur Toulouse Jean Rieux","publisher":{"@id":"https:\/\/soinschiropratiques.com\/site\/#organization"},"potentialAction":[{"@type":"SearchAction","target":{"@type":"EntryPoint","urlTemplate":"https:\/\/soinschiropratiques.com\/site\/?s={search_term_string}"},"query-input":{"@type":"PropertyValueSpecification","valueRequired":true,"valueName":"search_term_string"}}],"inLanguage":"fr-FR"},{"@type":"Organization","@id":"https:\/\/soinschiropratiques.com\/site\/#organization","name":"Soins Chiropratiques - Laurence Alnet D.C. Chiropracteur Toulouse","url":"https:\/\/soinschiropratiques.com\/site\/","logo":{"@type":"ImageObject","inLanguage":"fr-FR","@id":"https:\/\/soinschiropratiques.com\/site\/#\/schema\/logo\/image\/","url":"https:\/\/soinschiropratiques.com\/site\/wp-content\/uploads\/2014\/05\/cropped-favico-2.jpg","contentUrl":"https:\/\/soinschiropratiques.com\/site\/wp-content\/uploads\/2014\/05\/cropped-favico-2.jpg","width":512,"height":512,"caption":"Soins Chiropratiques - Laurence Alnet D.C. Chiropracteur Toulouse"},"image":{"@id":"https:\/\/soinschiropratiques.com\/site\/#\/schema\/logo\/image\/"},"sameAs":["https:\/\/www.facebook.com\/soinschiropratiques#"]}]}},"_links":{"self":[{"href":"https:\/\/soinschiropratiques.com\/site\/wp-json\/wp\/v2\/pages\/11276","targetHints":{"allow":["GET"]}}],"collection":[{"href":"https:\/\/soinschiropratiques.com\/site\/wp-json\/wp\/v2\/pages"}],"about":[{"href":"https:\/\/soinschiropratiques.com\/site\/wp-json\/wp\/v2\/types\/page"}],"author":[{"embeddable":true,"href":"https:\/\/soinschiropratiques.com\/site\/wp-json\/wp\/v2\/users\/1"}],"replies":[{"embeddable":true,"href":"https:\/\/soinschiropratiques.com\/site\/wp-json\/wp\/v2\/comments?post=11276"}],"version-history":[{"count":0,"href":"https:\/\/soinschiropratiques.com\/site\/wp-json\/wp\/v2\/pages\/11276\/revisions"}],"up":[{"embeddable":true,"href":"https:\/\/soinschiropratiques.com\/site\/wp-json\/wp\/v2\/pages\/11272"}],"wp:attachment":[{"href":"https:\/\/soinschiropratiques.com\/site\/wp-json\/wp\/v2\/media?parent=11276"}],"curies":[{"name":"wp","href":"https:\/\/api.w.org\/{rel}","templated":true}]}}